{"id":1107,"date":"2025-05-18T17:47:22","date_gmt":"2025-05-18T15:47:22","guid":{"rendered":"https:\/\/purplessence.net\/?post_type=product&#038;p=1107"},"modified":"2026-01-08T15:19:47","modified_gmt":"2026-01-08T14:19:47","slug":"puter-za-lice-i-telo-choco-sunset-100ml","status":"publish","type":"product","link":"https:\/\/purplessence.net\/?product=puter-za-lice-i-telo-choco-sunset-100ml","title":{"rendered":"Puter za lice i telo Choco Sunset 100ml"},"content":{"rendered":"<p>Hidratantni puter za lice i telo sa eteri\u010dnim uljem narand\u017ee i \u010dokolade.<\/p>\n<p>Na\u0161 prirodni body butter je bogata me\u0161avina shea i kakao putera, kokosovog i bademovog ulja, oboga\u0107ena eteri\u010dnim uljima koja hrane, omek\u0161avaju i \u0161tite ko\u017eu. Njegova bogata tekstura dubinski hidrira, regeneri\u0161e i ostavlja ko\u017eu svilenkasto mekom, elasti\u010dnom miri\u0161ljavom.<\/p>\n<p>Bogata formulacija za dubinsku negu i regeneraciju ko\u017ee. Kombinacija prirodnih ulja i butera hrani ko\u017eu, ostavlja je mekom, elasti\u010dnom i mirisnom. Luksuzni, hranljivi body butter sa prirodnim sastojcima koji dubinski hidrira i obnavlja ko\u017eu.<\/p>\n<p>Body butter &#8211; puter za lice i telo je gust i bogat proizvod za negu ko\u017ee, formulisan sa hranljivim biljnim puterima kao \u0161to su shea, kakao, kao i prirodnim uljima kokosa, badema i eteri\u010dnim uljima.<\/p>\n<p>Body butter je savr\u0161en za:<\/p>\n<p>&#8211; Dubinsku hidrataciju suve, ispucale ko\u017ee<\/p>\n<p>&#8211; Negu ko\u017ee nakon tu\u0161iranja ili sun\u010danja<\/p>\n<p>&#8211; Umirivanje iritacija i crvenila<\/p>\n<p>&#8211; Prevenciju i ubla\u017eavanje strija<\/p>\n<p>&#8211; Mek\u0161u, elasti\u010dniju i negovanu ko\u017eu.<\/p>\n<p>Na\u010din upotrebe: Nanesite malu koli\u010dinu na \u010distu i suvu ko\u017eu, lagano umasirajte kru\u017enim pokretima dok ko\u017ea ne upije. Najbolje koristiti nakon tu\u0161iranja kada je ko\u017ea jo\u0161 blago vla\u017ena.<\/p>\n<p>Sastojci: 100% prirodni sastojci \u2013 bez parabena, sulfata i ve\u0161ta\u010dkih mirisa. Ru\u010dna izrada.<\/p>\n<p>Butyrospermum Parkii Butter, Theobroma Cacao Seed Butter, Cocos Nucifera Oil, Cera Alba, Prunus Amygdalus Dulcis Oil, Lavandula Angustifolia Oil, Vanilla Planifolia Oil, Theobroma Cacao Extract, Citrus Aurantium Bergamia Peel Oil, Citrus Aurantium Dulcis Peel Oil, Tocopherol.<\/p>\n<p>Prirodni sastojci:<\/p>\n<ul>\n<li>Shea puter \u2013 Izuzetno bogat prirodni maslac dobijen iz oraha shea drveta, poznat po svojoj sposobnosti da intenzivno hidrira i regeneri\u0161e ko\u017eu. Sadr\u017ei vitamine A, E i F, koji doprinose elasti\u010dnosti, umiruju iritacije i podsti\u010du prirodni proces obnove ko\u017ee.<\/li>\n<li>Kakao puter \u2013 Prirodni emolijens iz ploda kakaa, bogat antioksidansima i masnim kiselinama koje dubinski hrane i \u0161tite ko\u017eu. Kakao puter poma\u017ee u obnavljanju suve, ispucale i osetljive ko\u017ee, pobolj\u0161ava elasti\u010dnost i ostavlja je glatkom i mirisnom.<\/li>\n<li>Kokosovo ulje \u2013 Prirodno bogat izvor zasi\u0107enih masnih kiselina, kokosovo ulje intenzivno hidrira i obnavlja ko\u017eu. Njegova antibakterijska i antifungalna svojstva dodatno \u0161tite ko\u017eu od iritacija i upala.<\/li>\n<li>Bademovo ulje \u2013 Blago i hranljivo, bademovo ulje je bogato vitaminima E, A i D, kao i masnim kiselinama koje dubinski hidriraju ko\u017eu. Posebno je pogodno za suvu, osetljivu i iritiranu ko\u017eu jer umiruje, omek\u0161ava i pobolj\u0161ava elasti\u010dnost.<\/li>\n<li>P\u010delinji vosak <strong>&#8211; <\/strong>Prirodni emulgator i za\u0161titni agens, p\u010delinji vosak stvara ne\u017ean sloj na ko\u017ei koji zadr\u017eava vlagu i \u0161titi je od spolja\u0161njih uticaja. Bogat je vitaminom A, koji podsti\u010de regeneraciju ko\u017ee, i poseduje blaga antiinflamatorna svojstva.<\/li>\n<li>Vitamin E &#8211; Mo\u0107an antioksidans koji \u0161titi ko\u017eu od slobodnih radikala i prevremenog starenja. Poma\u017ee u obnavljanju o\u0161te\u0107ene ko\u017ee, ubla\u017eava suvo\u0107u i podsti\u010de elasti\u010dnost.<\/li>\n<li>Eteri\u010dna ulja narand\u017ee i \u010dokolade \u2013 U kombinaciji s hranljivim biljnim maslacima i uljima, eteri\u010dna ulja doprinose holisti\u010dkom ose\u0107aju blagostanja i prirodne lepote, za dodatnu negu i aromaterapijski efekat.<\/li>\n<\/ul>\n<p>Neto koli\u010dina: 100ml<\/p>\n<p>Pogledajte iz na\u0161e ponude i <a href=\"https:\/\/purplessence.net\/?product_cat=prirodne-marmelade-za-brzo-tamnjenje\">marmelade za bronzan ten.<\/a><\/p>\n<p>Saznajte sve o upotrebi putera za telo i njegovim benefitima:\u00a0<a href=\"https:\/\/littlerituals.in\/blogs\/news\/what-is-body-butter?srsltid=AfmBOooibjW_Obci2TSPPAFqkJMYSaMFGqNMLjd-0yIpT3yUvwcr1j2b\"><strong>What is Body Butter? Benefits, How to Use It ?<\/strong><\/a><\/p>\n","protected":false},"excerpt":{"rendered":"<p>Luksuzni, hranljivi body butter sa prirodnim sastojcima koji dubinski hidrira i obnavlja ko\u017eu. Neodoljiva fuzija slatke \u010dokolade i osve\u017eavaju\u0107e narand\u017ee. Hranljiva, mirisna i savr\u0161ena za ljubitelje delikatnih nota.<\/p>\n","protected":false},"featured_media":1108,"comment_status":"open","ping_status":"closed","template":"","meta":[],"product_brand":[],"product_cat":[121],"product_tag":[203,211,207,216,218,215,214,205,213,212,53,208,204,209,220,219,65,210,206,217],"class_list":{"0":"post-1107","1":"product","2":"type-product","3":"status-publish","4":"has-post-thumbnail","6":"product_cat-puteri-za-lice-i-telo","7":"product_tag-balzam-za-negu-usana","8":"product_tag-body-butter","9":"product_tag-hand-made-kozmetika","10":"product_tag-kozmetika-od-lavande","11":"product_tag-krema-sa-spf-faktorom","12":"product_tag-krema-za-samopotamnjivanje","13":"product_tag-krema-za-suncanje","14":"product_tag-labela-za-usta","15":"product_tag-marmelada-za-suncanje","16":"product_tag-natural-cosmetics","17":"product_tag-prirodna-kozmetika","18":"product_tag-prirodna-nega-tela","19":"product_tag-prirodni-balzam-za-usta","20":"product_tag-prirodni-sastojci","21":"product_tag-prodaja-kozmetike","22":"product_tag-prodaja-prirodne-kozmetike","23":"product_tag-proizvodi-od-lavande","24":"product_tag-puter-za-negu-tela","25":"product_tag-rucna-izrada-kozmetike","26":"product_tag-spf-faktor","28":"first","29":"instock","30":"purchasable","31":"product-type-simple"},"yoast_head":"<!-- This site is optimized with the Yoast SEO plugin v27.4 - https:\/\/yoast.com\/product\/yoast-seo-wordpress\/ -->\n<title>Puter za lice i telo Choco Sunset 100ml - Purplessence - Essence of Nature<\/title>\n<meta name=\"description\" content=\"Hidratantni puter za lice i telo sa eteri\u010dnim uljem narand\u017ee i \u010dokolade. Neodoljiva fuzija slatke \u010dokolade i osve\u017eavaju\u0107e narand\u017ee.\" \/>\n<meta name=\"robots\" content=\"index, follow, max-snippet:-1, max-image-preview:large, max-video-preview:-1\" \/>\n<link rel=\"canonical\" href=\"https:\/\/purplessence.net\/?product=puter-za-lice-i-telo-choco-sunset-100ml\" \/>\n<meta property=\"og:locale\" content=\"sr_RS\" \/>\n<meta property=\"og:type\" content=\"article\" \/>\n<meta property=\"og:title\" content=\"Puter za lice i telo Choco Sunset 100ml - Purplessence - Essence of Nature\" \/>\n<meta property=\"og:description\" content=\"Hidratantni puter za lice i telo sa eteri\u010dnim uljem narand\u017ee i \u010dokolade. Neodoljiva fuzija slatke \u010dokolade i osve\u017eavaju\u0107e narand\u017ee.\" \/>\n<meta property=\"og:url\" content=\"https:\/\/purplessence.net\/?product=puter-za-lice-i-telo-choco-sunset-100ml\" \/>\n<meta property=\"og:site_name\" content=\"Purplessence - Essence of Nature\" \/>\n<meta property=\"article:publisher\" content=\"https:\/\/www.facebook.com\/p\/Rasadnik-Lavande-Janoev-100085606671590\/\" \/>\n<meta property=\"article:modified_time\" content=\"2026-01-08T14:19:47+00:00\" \/>\n<meta property=\"og:image\" content=\"https:\/\/purplessence.net\/wp-content\/uploads\/2025\/05\/prirodni-puter-za-telo-cokolada-narandza.jpg\" \/>\n\t<meta property=\"og:image:width\" content=\"1500\" \/>\n\t<meta property=\"og:image:height\" content=\"2000\" \/>\n\t<meta property=\"og:image:type\" content=\"image\/jpeg\" \/>\n<meta name=\"twitter:card\" content=\"summary_large_image\" \/>\n<meta name=\"twitter:label1\" content=\"\u041f\u0440\u043e\u0446\u0435\u045a\u0435\u043d\u043e \u0432\u0440\u0435\u043c\u0435 \u0447\u0438\u0442\u0430\u045a\u0430\" \/>\n\t<meta name=\"twitter:data1\" content=\"3 \u043c\u0438\u043d\u0443\u0442\u0430\" \/>\n<script type=\"application\/ld+json\" class=\"yoast-schema-graph\">{\"@context\":\"https:\\\/\\\/schema.org\",\"@graph\":[{\"@type\":\"WebPage\",\"@id\":\"https:\\\/\\\/purplessence.net\\\/?product=puter-za-lice-i-telo-choco-sunset-100ml\",\"url\":\"https:\\\/\\\/purplessence.net\\\/?product=puter-za-lice-i-telo-choco-sunset-100ml\",\"name\":\"Puter za lice i telo Choco Sunset 100ml - Purplessence - Essence of Nature\",\"isPartOf\":{\"@id\":\"https:\\\/\\\/purplessence.net\\\/#website\"},\"primaryImageOfPage\":{\"@id\":\"https:\\\/\\\/purplessence.net\\\/?product=puter-za-lice-i-telo-choco-sunset-100ml#primaryimage\"},\"image\":{\"@id\":\"https:\\\/\\\/purplessence.net\\\/?product=puter-za-lice-i-telo-choco-sunset-100ml#primaryimage\"},\"thumbnailUrl\":\"https:\\\/\\\/purplessence.net\\\/wp-content\\\/uploads\\\/2025\\\/05\\\/prirodni-puter-za-telo-cokolada-narandza.jpg\",\"datePublished\":\"2025-05-18T15:47:22+00:00\",\"dateModified\":\"2026-01-08T14:19:47+00:00\",\"description\":\"Hidratantni puter za lice i telo sa eteri\u010dnim uljem narand\u017ee i \u010dokolade. Neodoljiva fuzija slatke \u010dokolade i osve\u017eavaju\u0107e narand\u017ee.\",\"breadcrumb\":{\"@id\":\"https:\\\/\\\/purplessence.net\\\/?product=puter-za-lice-i-telo-choco-sunset-100ml#breadcrumb\"},\"inLanguage\":\"sr-RS\",\"potentialAction\":[{\"@type\":\"ReadAction\",\"target\":[\"https:\\\/\\\/purplessence.net\\\/?product=puter-za-lice-i-telo-choco-sunset-100ml\"]}]},{\"@type\":\"ImageObject\",\"inLanguage\":\"sr-RS\",\"@id\":\"https:\\\/\\\/purplessence.net\\\/?product=puter-za-lice-i-telo-choco-sunset-100ml#primaryimage\",\"url\":\"https:\\\/\\\/purplessence.net\\\/wp-content\\\/uploads\\\/2025\\\/05\\\/prirodni-puter-za-telo-cokolada-narandza.jpg\",\"contentUrl\":\"https:\\\/\\\/purplessence.net\\\/wp-content\\\/uploads\\\/2025\\\/05\\\/prirodni-puter-za-telo-cokolada-narandza.jpg\",\"width\":1500,\"height\":2000,\"caption\":\"Prirodni Body Butter \u2013 Dubinska nega ko\u017ee\"},{\"@type\":\"BreadcrumbList\",\"@id\":\"https:\\\/\\\/purplessence.net\\\/?product=puter-za-lice-i-telo-choco-sunset-100ml#breadcrumb\",\"itemListElement\":[{\"@type\":\"ListItem\",\"position\":1,\"name\":\"Home\",\"item\":\"https:\\\/\\\/purplessence.net\\\/\"},{\"@type\":\"ListItem\",\"position\":2,\"name\":\"Shop\",\"item\":\"https:\\\/\\\/purplessence.net\\\/?page_id=396\"},{\"@type\":\"ListItem\",\"position\":3,\"name\":\"Puter za lice i telo Choco Sunset 100ml\"}]},{\"@type\":\"WebSite\",\"@id\":\"https:\\\/\\\/purplessence.net\\\/#website\",\"url\":\"https:\\\/\\\/purplessence.net\\\/\",\"name\":\"Purplessence.net\",\"description\":\"Natural Lavender Products - Essence of Nature\",\"publisher\":{\"@id\":\"https:\\\/\\\/purplessence.net\\\/#organization\"},\"alternateName\":\"Natural Lavender Products - Essence of Nature\",\"potentialAction\":[{\"@type\":\"SearchAction\",\"target\":{\"@type\":\"EntryPoint\",\"urlTemplate\":\"https:\\\/\\\/purplessence.net\\\/?s={search_term_string}\"},\"query-input\":{\"@type\":\"PropertyValueSpecification\",\"valueRequired\":true,\"valueName\":\"search_term_string\"}}],\"inLanguage\":\"sr-RS\"},{\"@type\":\"Organization\",\"@id\":\"https:\\\/\\\/purplessence.net\\\/#organization\",\"name\":\"PurplEssence Zrenjanin\",\"alternateName\":\"Essence of Nature\",\"url\":\"https:\\\/\\\/purplessence.net\\\/\",\"logo\":{\"@type\":\"ImageObject\",\"inLanguage\":\"sr-RS\",\"@id\":\"https:\\\/\\\/purplessence.net\\\/#\\\/schema\\\/logo\\\/image\\\/\",\"url\":\"https:\\\/\\\/purplessence.net\\\/wp-content\\\/uploads\\\/2025\\\/01\\\/cropped-cropped-logo-purplessence_lavanda.png\",\"contentUrl\":\"https:\\\/\\\/purplessence.net\\\/wp-content\\\/uploads\\\/2025\\\/01\\\/cropped-cropped-logo-purplessence_lavanda.png\",\"width\":512,\"height\":512,\"caption\":\"PurplEssence Zrenjanin\"},\"image\":{\"@id\":\"https:\\\/\\\/purplessence.net\\\/#\\\/schema\\\/logo\\\/image\\\/\"},\"sameAs\":[\"https:\\\/\\\/www.facebook.com\\\/p\\\/Rasadnik-Lavande-Janoev-100085606671590\\\/\"]}]}<\/script>\n<!-- \/ Yoast SEO plugin. -->","yoast_head_json":{"title":"Puter za lice i telo Choco Sunset 100ml - Purplessence - Essence of Nature","description":"Hidratantni puter za lice i telo sa eteri\u010dnim uljem narand\u017ee i \u010dokolade. Neodoljiva fuzija slatke \u010dokolade i osve\u017eavaju\u0107e narand\u017ee.","robots":{"index":"index","follow":"follow","max-snippet":"max-snippet:-1","max-image-preview":"max-image-preview:large","max-video-preview":"max-video-preview:-1"},"canonical":"https:\/\/purplessence.net\/?product=puter-za-lice-i-telo-choco-sunset-100ml","og_locale":"sr_RS","og_type":"article","og_title":"Puter za lice i telo Choco Sunset 100ml - Purplessence - Essence of Nature","og_description":"Hidratantni puter za lice i telo sa eteri\u010dnim uljem narand\u017ee i \u010dokolade. Neodoljiva fuzija slatke \u010dokolade i osve\u017eavaju\u0107e narand\u017ee.","og_url":"https:\/\/purplessence.net\/?product=puter-za-lice-i-telo-choco-sunset-100ml","og_site_name":"Purplessence - Essence of Nature","article_publisher":"https:\/\/www.facebook.com\/p\/Rasadnik-Lavande-Janoev-100085606671590\/","article_modified_time":"2026-01-08T14:19:47+00:00","og_image":[{"width":1500,"height":2000,"url":"https:\/\/purplessence.net\/wp-content\/uploads\/2025\/05\/prirodni-puter-za-telo-cokolada-narandza.jpg","type":"image\/jpeg"}],"twitter_card":"summary_large_image","twitter_misc":{"\u041f\u0440\u043e\u0446\u0435\u045a\u0435\u043d\u043e \u0432\u0440\u0435\u043c\u0435 \u0447\u0438\u0442\u0430\u045a\u0430":"3 \u043c\u0438\u043d\u0443\u0442\u0430"},"schema":{"@context":"https:\/\/schema.org","@graph":[{"@type":"WebPage","@id":"https:\/\/purplessence.net\/?product=puter-za-lice-i-telo-choco-sunset-100ml","url":"https:\/\/purplessence.net\/?product=puter-za-lice-i-telo-choco-sunset-100ml","name":"Puter za lice i telo Choco Sunset 100ml - Purplessence - Essence of Nature","isPartOf":{"@id":"https:\/\/purplessence.net\/#website"},"primaryImageOfPage":{"@id":"https:\/\/purplessence.net\/?product=puter-za-lice-i-telo-choco-sunset-100ml#primaryimage"},"image":{"@id":"https:\/\/purplessence.net\/?product=puter-za-lice-i-telo-choco-sunset-100ml#primaryimage"},"thumbnailUrl":"https:\/\/purplessence.net\/wp-content\/uploads\/2025\/05\/prirodni-puter-za-telo-cokolada-narandza.jpg","datePublished":"2025-05-18T15:47:22+00:00","dateModified":"2026-01-08T14:19:47+00:00","description":"Hidratantni puter za lice i telo sa eteri\u010dnim uljem narand\u017ee i \u010dokolade. Neodoljiva fuzija slatke \u010dokolade i osve\u017eavaju\u0107e narand\u017ee.","breadcrumb":{"@id":"https:\/\/purplessence.net\/?product=puter-za-lice-i-telo-choco-sunset-100ml#breadcrumb"},"inLanguage":"sr-RS","potentialAction":[{"@type":"ReadAction","target":["https:\/\/purplessence.net\/?product=puter-za-lice-i-telo-choco-sunset-100ml"]}]},{"@type":"ImageObject","inLanguage":"sr-RS","@id":"https:\/\/purplessence.net\/?product=puter-za-lice-i-telo-choco-sunset-100ml#primaryimage","url":"https:\/\/purplessence.net\/wp-content\/uploads\/2025\/05\/prirodni-puter-za-telo-cokolada-narandza.jpg","contentUrl":"https:\/\/purplessence.net\/wp-content\/uploads\/2025\/05\/prirodni-puter-za-telo-cokolada-narandza.jpg","width":1500,"height":2000,"caption":"Prirodni Body Butter \u2013 Dubinska nega ko\u017ee"},{"@type":"BreadcrumbList","@id":"https:\/\/purplessence.net\/?product=puter-za-lice-i-telo-choco-sunset-100ml#breadcrumb","itemListElement":[{"@type":"ListItem","position":1,"name":"Home","item":"https:\/\/purplessence.net\/"},{"@type":"ListItem","position":2,"name":"Shop","item":"https:\/\/purplessence.net\/?page_id=396"},{"@type":"ListItem","position":3,"name":"Puter za lice i telo Choco Sunset 100ml"}]},{"@type":"WebSite","@id":"https:\/\/purplessence.net\/#website","url":"https:\/\/purplessence.net\/","name":"Purplessence.net","description":"Natural Lavender Products - Essence of Nature","publisher":{"@id":"https:\/\/purplessence.net\/#organization"},"alternateName":"Natural Lavender Products - Essence of Nature","potentialAction":[{"@type":"SearchAction","target":{"@type":"EntryPoint","urlTemplate":"https:\/\/purplessence.net\/?s={search_term_string}"},"query-input":{"@type":"PropertyValueSpecification","valueRequired":true,"valueName":"search_term_string"}}],"inLanguage":"sr-RS"},{"@type":"Organization","@id":"https:\/\/purplessence.net\/#organization","name":"PurplEssence Zrenjanin","alternateName":"Essence of Nature","url":"https:\/\/purplessence.net\/","logo":{"@type":"ImageObject","inLanguage":"sr-RS","@id":"https:\/\/purplessence.net\/#\/schema\/logo\/image\/","url":"https:\/\/purplessence.net\/wp-content\/uploads\/2025\/01\/cropped-cropped-logo-purplessence_lavanda.png","contentUrl":"https:\/\/purplessence.net\/wp-content\/uploads\/2025\/01\/cropped-cropped-logo-purplessence_lavanda.png","width":512,"height":512,"caption":"PurplEssence Zrenjanin"},"image":{"@id":"https:\/\/purplessence.net\/#\/schema\/logo\/image\/"},"sameAs":["https:\/\/www.facebook.com\/p\/Rasadnik-Lavande-Janoev-100085606671590\/"]}]}},"jetpack_sharing_enabled":true,"_links":{"self":[{"href":"https:\/\/purplessence.net\/index.php?rest_route=\/wp\/v2\/product\/1107","targetHints":{"allow":["GET"]}}],"collection":[{"href":"https:\/\/purplessence.net\/index.php?rest_route=\/wp\/v2\/product"}],"about":[{"href":"https:\/\/purplessence.net\/index.php?rest_route=\/wp\/v2\/types\/product"}],"replies":[{"embeddable":true,"href":"https:\/\/purplessence.net\/index.php?rest_route=%2Fwp%2Fv2%2Fcomments&post=1107"}],"wp:featuredmedia":[{"embeddable":true,"href":"https:\/\/purplessence.net\/index.php?rest_route=\/wp\/v2\/media\/1108"}],"wp:attachment":[{"href":"https:\/\/purplessence.net\/index.php?rest_route=%2Fwp%2Fv2%2Fmedia&parent=1107"}],"wp:term":[{"taxonomy":"product_brand","embeddable":true,"href":"https:\/\/purplessence.net\/index.php?rest_route=%2Fwp%2Fv2%2Fproduct_brand&post=1107"},{"taxonomy":"product_cat","embeddable":true,"href":"https:\/\/purplessence.net\/index.php?rest_route=%2Fwp%2Fv2%2Fproduct_cat&post=1107"},{"taxonomy":"product_tag","embeddable":true,"href":"https:\/\/purplessence.net\/index.php?rest_route=%2Fwp%2Fv2%2Fproduct_tag&post=1107"}],"curies":[{"name":"wp","href":"https:\/\/api.w.org\/{rel}","templated":true}]}}