{"id":1276,"date":"2025-07-25T20:03:01","date_gmt":"2025-07-25T18:03:01","guid":{"rendered":"https:\/\/purplessence.net\/?post_type=product&#038;p=1276"},"modified":"2026-01-08T14:13:07","modified_gmt":"2026-01-08T13:13:07","slug":"prirodni-sprej-protiv-komaraca-citrus-100ml","status":"publish","type":"product","link":"https:\/\/purplessence.net\/?product=prirodni-sprej-protiv-komaraca-citrus-100ml","title":{"rendered":"Prirodni sprej protiv komaraca Citrus 100ml"},"content":{"rendered":"<p>Prirodni sprej protiv komaraca sa \u010distim hidrolatom prave lavande kombinovan sa eteri\u010dnim uljem citrusa, pru\u017ea ne\u017enu, ali efikasnu za\u0161titu od insekata, bez \u0161tetnih sastojaka. Napravljen ru\u010dno, bez alkohola, konzervansa i ve\u0161ta\u010dkih mirisa \u2013 idealan za decu, trudnice i osobe sa osetljivom ko\u017eom.<\/p>\n<ul>\n<li>Umiruju\u0107i miris lavande<\/li>\n<li>Delotvorna prirodna za\u0161tita<\/li>\n<li>Pogodan za decu stariju od 2 godine<\/li>\n<\/ul>\n<p>Koristi svakodnevno tokom letnjih meseci, na ko\u017ei ili ode\u0107i. Lagana tekstura \u2013 ne ostavlja tragove.<\/p>\n<p>Zaboravite na hemikalije i neprijatne mirise! Na\u0161i 100% prirodni sprejevi protiv komaraca kombinuju delotvornu za\u0161titu sa blagim, umiruju\u0107im mirisima iz prirode.<\/p>\n<p>Na\u0161i sprejevi se prave na bazi \u010distog hidrolata prave lavande (Lavandula angustifolia), poznatog po svom umiruju\u0107em dejstvu i prirodnim repelentnim svojstvima.<\/p>\n<p>Ova osve\u017eavaju\u0107a me\u0161avina lavandinog hidrolata i etarskih ulja citrusa donosi dodatnu snagu protiv komaraca uz vedar, letnji miris. Idealan za dnevnu upotrebu i boravak u prirodi.<\/p>\n<p>Za\u0161to izabrati na\u0161e sprejeve?<\/p>\n<ul>\n<li>Prijatni za ko\u017eu, ne ostavljaju lepljiv trag<\/li>\n<li>100% prirodni sastojci<\/li>\n<li>Bez sinteti\u010dkih mirisa i konzervansa<\/li>\n<li>\u00a0Ru\u010dno pravljeni u malim serijama<\/li>\n<li>\u00a0Sigurni za decu i ljubimce<\/li>\n<\/ul>\n<p>Na\u010din upotrebe: Naprskati ravnomerno na ko\u017eu i ode\u0107u iz blizine od 15\u201320 cm. Ponoviti po potrebi, naro\u010dito nakon znojenja ili plivanja.<\/p>\n<p>Za prirodnu za\u0161titu \u2013 birajte prirodno.<\/p>\n<p>Za vi\u0161e informacija pro\u010ditajte na\u0161 blog: <a href=\"https:\/\/purplessence.net\/?p=793\"><strong>Lavanda u borbi protiv komaraca &#8211; PurplEssence<\/strong><\/a><\/p>\n<p>Ili se informi\u0161ite kako lavanda uti\u010de na razli\u010dite \u0161teto\u010dine:\u00a0<a href=\"https:\/\/tumalolavender.com\/blogs\/news\/lavender-a-natural-defense-against-pests?srsltid=AfmBOopPZEm9Dt-d3N2pJ9CeQ07PRKAwNtbFBSUeJcRQSmDKWZfIEUWy\"><strong>Lavender &#8211; A Natural Defense Against Pests<\/strong><\/a><\/p>\n","protected":false},"excerpt":{"rendered":"<p>Osve\u017eavaju\u0107i sprej protiv komaraca na bazi hidrolata lavande i etarskih ulja citrusa. Pru\u017ea poja\u010danu za\u0161titu od komaraca, sa prijatnim letnjim mirisom. Bez \u0161tetnih hemikalija i bez ose\u0107aja te\u017eine na ko\u017ei.<\/p>\n","protected":false},"featured_media":1277,"comment_status":"open","ping_status":"closed","template":"","meta":[],"product_brand":[],"product_cat":[124],"product_tag":[199,198,202,201,200,194,195,53,191,192,190,189,193],"class_list":{"0":"post-1276","1":"product","2":"type-product","3":"status-publish","4":"has-post-thumbnail","6":"product_cat-etericno-ulje-i-hidrolat-lavanda","7":"product_tag-kozmetika-od-lavande-za-decu","8":"product_tag-kozmetika-za-ljubimce","9":"product_tag-lavanda-protiv-insekata","10":"product_tag-lavanda-protiv-komaraca","11":"product_tag-lavanda-za-komarce","12":"product_tag-prirodan-sprej-protiv-komaraca","13":"product_tag-prirodan-sprej-za-komarce","14":"product_tag-prirodna-kozmetika","15":"product_tag-sprej-protiv-komaraca","16":"product_tag-sprej-protiv-krpelja","17":"product_tag-sprej-za-insekte","18":"product_tag-sprej-za-komarce","19":"product_tag-sprej-za-kucne-ljubimce","21":"first","22":"instock","23":"purchasable","24":"product-type-simple"},"yoast_head":"<!-- This site is optimized with the Yoast SEO plugin v27.4 - https:\/\/yoast.com\/product\/yoast-seo-wordpress\/ -->\n<title>Prirodni sprej protiv komaraca Citrus 100ml - Purplessence - Essence of Nature<\/title>\n<meta name=\"description\" content=\"Sprej protiv komaraca sa \u010distim hidrolatom lavande i etarskim uljima. Pru\u017ea efikasnu za\u0161titu bez \u0161tetnih hemikalija. Idealan za decu i osetljive osobe.\" \/>\n<meta name=\"robots\" content=\"index, follow, max-snippet:-1, max-image-preview:large, max-video-preview:-1\" \/>\n<link rel=\"canonical\" href=\"https:\/\/purplessence.net\/?product=prirodni-sprej-protiv-komaraca-citrus-100ml\" \/>\n<meta property=\"og:locale\" content=\"sr_RS\" \/>\n<meta property=\"og:type\" content=\"article\" \/>\n<meta property=\"og:title\" content=\"Prirodni sprej protiv komaraca Citrus 100ml - Purplessence - Essence of Nature\" \/>\n<meta property=\"og:description\" content=\"Sprej protiv komaraca sa \u010distim hidrolatom lavande i etarskim uljima. Pru\u017ea efikasnu za\u0161titu bez \u0161tetnih hemikalija. Idealan za decu i osetljive osobe.\" \/>\n<meta property=\"og:url\" content=\"https:\/\/purplessence.net\/?product=prirodni-sprej-protiv-komaraca-citrus-100ml\" \/>\n<meta property=\"og:site_name\" content=\"Purplessence - Essence of Nature\" \/>\n<meta property=\"article:publisher\" content=\"https:\/\/www.facebook.com\/p\/Rasadnik-Lavande-Janoev-100085606671590\/\" \/>\n<meta property=\"article:modified_time\" content=\"2026-01-08T13:13:07+00:00\" \/>\n<meta property=\"og:image\" content=\"https:\/\/purplessence.net\/wp-content\/uploads\/2025\/07\/prirodan-sprej-protiv-komaraca-citrus.jpg\" \/>\n\t<meta property=\"og:image:width\" content=\"1920\" \/>\n\t<meta property=\"og:image:height\" content=\"2560\" \/>\n\t<meta property=\"og:image:type\" content=\"image\/jpeg\" \/>\n<meta name=\"twitter:card\" content=\"summary_large_image\" \/>\n<meta name=\"twitter:label1\" content=\"\u041f\u0440\u043e\u0446\u0435\u045a\u0435\u043d\u043e \u0432\u0440\u0435\u043c\u0435 \u0447\u0438\u0442\u0430\u045a\u0430\" \/>\n\t<meta name=\"twitter:data1\" content=\"2 \u043c\u0438\u043d\u0443\u0442\u0430\" \/>\n<script type=\"application\/ld+json\" class=\"yoast-schema-graph\">{\"@context\":\"https:\\\/\\\/schema.org\",\"@graph\":[{\"@type\":\"WebPage\",\"@id\":\"https:\\\/\\\/purplessence.net\\\/?product=prirodni-sprej-protiv-komaraca-citrus-100ml\",\"url\":\"https:\\\/\\\/purplessence.net\\\/?product=prirodni-sprej-protiv-komaraca-citrus-100ml\",\"name\":\"Prirodni sprej protiv komaraca Citrus 100ml - Purplessence - Essence of Nature\",\"isPartOf\":{\"@id\":\"https:\\\/\\\/purplessence.net\\\/#website\"},\"primaryImageOfPage\":{\"@id\":\"https:\\\/\\\/purplessence.net\\\/?product=prirodni-sprej-protiv-komaraca-citrus-100ml#primaryimage\"},\"image\":{\"@id\":\"https:\\\/\\\/purplessence.net\\\/?product=prirodni-sprej-protiv-komaraca-citrus-100ml#primaryimage\"},\"thumbnailUrl\":\"https:\\\/\\\/purplessence.net\\\/wp-content\\\/uploads\\\/2025\\\/07\\\/prirodan-sprej-protiv-komaraca-citrus.jpg\",\"datePublished\":\"2025-07-25T18:03:01+00:00\",\"dateModified\":\"2026-01-08T13:13:07+00:00\",\"description\":\"Sprej protiv komaraca sa \u010distim hidrolatom lavande i etarskim uljima. Pru\u017ea efikasnu za\u0161titu bez \u0161tetnih hemikalija. Idealan za decu i osetljive osobe.\",\"breadcrumb\":{\"@id\":\"https:\\\/\\\/purplessence.net\\\/?product=prirodni-sprej-protiv-komaraca-citrus-100ml#breadcrumb\"},\"inLanguage\":\"sr-RS\",\"potentialAction\":[{\"@type\":\"ReadAction\",\"target\":[\"https:\\\/\\\/purplessence.net\\\/?product=prirodni-sprej-protiv-komaraca-citrus-100ml\"]}]},{\"@type\":\"ImageObject\",\"inLanguage\":\"sr-RS\",\"@id\":\"https:\\\/\\\/purplessence.net\\\/?product=prirodni-sprej-protiv-komaraca-citrus-100ml#primaryimage\",\"url\":\"https:\\\/\\\/purplessence.net\\\/wp-content\\\/uploads\\\/2025\\\/07\\\/prirodan-sprej-protiv-komaraca-citrus.jpg\",\"contentUrl\":\"https:\\\/\\\/purplessence.net\\\/wp-content\\\/uploads\\\/2025\\\/07\\\/prirodan-sprej-protiv-komaraca-citrus.jpg\",\"width\":1920,\"height\":2560,\"caption\":\"Sprej protiv komaraca Citrus | Limun i lavanda | Prirodni repelent bez hemije\"},{\"@type\":\"BreadcrumbList\",\"@id\":\"https:\\\/\\\/purplessence.net\\\/?product=prirodni-sprej-protiv-komaraca-citrus-100ml#breadcrumb\",\"itemListElement\":[{\"@type\":\"ListItem\",\"position\":1,\"name\":\"Home\",\"item\":\"https:\\\/\\\/purplessence.net\\\/\"},{\"@type\":\"ListItem\",\"position\":2,\"name\":\"Shop\",\"item\":\"https:\\\/\\\/purplessence.net\\\/?page_id=396\"},{\"@type\":\"ListItem\",\"position\":3,\"name\":\"Prirodni sprej protiv komaraca Citrus 100ml\"}]},{\"@type\":\"WebSite\",\"@id\":\"https:\\\/\\\/purplessence.net\\\/#website\",\"url\":\"https:\\\/\\\/purplessence.net\\\/\",\"name\":\"Purplessence.net\",\"description\":\"Natural Lavender Products - Essence of Nature\",\"publisher\":{\"@id\":\"https:\\\/\\\/purplessence.net\\\/#organization\"},\"alternateName\":\"Natural Lavender Products - Essence of Nature\",\"potentialAction\":[{\"@type\":\"SearchAction\",\"target\":{\"@type\":\"EntryPoint\",\"urlTemplate\":\"https:\\\/\\\/purplessence.net\\\/?s={search_term_string}\"},\"query-input\":{\"@type\":\"PropertyValueSpecification\",\"valueRequired\":true,\"valueName\":\"search_term_string\"}}],\"inLanguage\":\"sr-RS\"},{\"@type\":\"Organization\",\"@id\":\"https:\\\/\\\/purplessence.net\\\/#organization\",\"name\":\"PurplEssence Zrenjanin\",\"alternateName\":\"Essence of Nature\",\"url\":\"https:\\\/\\\/purplessence.net\\\/\",\"logo\":{\"@type\":\"ImageObject\",\"inLanguage\":\"sr-RS\",\"@id\":\"https:\\\/\\\/purplessence.net\\\/#\\\/schema\\\/logo\\\/image\\\/\",\"url\":\"https:\\\/\\\/purplessence.net\\\/wp-content\\\/uploads\\\/2025\\\/01\\\/cropped-cropped-logo-purplessence_lavanda.png\",\"contentUrl\":\"https:\\\/\\\/purplessence.net\\\/wp-content\\\/uploads\\\/2025\\\/01\\\/cropped-cropped-logo-purplessence_lavanda.png\",\"width\":512,\"height\":512,\"caption\":\"PurplEssence Zrenjanin\"},\"image\":{\"@id\":\"https:\\\/\\\/purplessence.net\\\/#\\\/schema\\\/logo\\\/image\\\/\"},\"sameAs\":[\"https:\\\/\\\/www.facebook.com\\\/p\\\/Rasadnik-Lavande-Janoev-100085606671590\\\/\"]}]}<\/script>\n<!-- \/ Yoast SEO plugin. -->","yoast_head_json":{"title":"Prirodni sprej protiv komaraca Citrus 100ml - Purplessence - Essence of Nature","description":"Sprej protiv komaraca sa \u010distim hidrolatom lavande i etarskim uljima. Pru\u017ea efikasnu za\u0161titu bez \u0161tetnih hemikalija. Idealan za decu i osetljive osobe.","robots":{"index":"index","follow":"follow","max-snippet":"max-snippet:-1","max-image-preview":"max-image-preview:large","max-video-preview":"max-video-preview:-1"},"canonical":"https:\/\/purplessence.net\/?product=prirodni-sprej-protiv-komaraca-citrus-100ml","og_locale":"sr_RS","og_type":"article","og_title":"Prirodni sprej protiv komaraca Citrus 100ml - Purplessence - Essence of Nature","og_description":"Sprej protiv komaraca sa \u010distim hidrolatom lavande i etarskim uljima. Pru\u017ea efikasnu za\u0161titu bez \u0161tetnih hemikalija. Idealan za decu i osetljive osobe.","og_url":"https:\/\/purplessence.net\/?product=prirodni-sprej-protiv-komaraca-citrus-100ml","og_site_name":"Purplessence - Essence of Nature","article_publisher":"https:\/\/www.facebook.com\/p\/Rasadnik-Lavande-Janoev-100085606671590\/","article_modified_time":"2026-01-08T13:13:07+00:00","og_image":[{"width":1920,"height":2560,"url":"https:\/\/purplessence.net\/wp-content\/uploads\/2025\/07\/prirodan-sprej-protiv-komaraca-citrus.jpg","type":"image\/jpeg"}],"twitter_card":"summary_large_image","twitter_misc":{"\u041f\u0440\u043e\u0446\u0435\u045a\u0435\u043d\u043e \u0432\u0440\u0435\u043c\u0435 \u0447\u0438\u0442\u0430\u045a\u0430":"2 \u043c\u0438\u043d\u0443\u0442\u0430"},"schema":{"@context":"https:\/\/schema.org","@graph":[{"@type":"WebPage","@id":"https:\/\/purplessence.net\/?product=prirodni-sprej-protiv-komaraca-citrus-100ml","url":"https:\/\/purplessence.net\/?product=prirodni-sprej-protiv-komaraca-citrus-100ml","name":"Prirodni sprej protiv komaraca Citrus 100ml - Purplessence - Essence of Nature","isPartOf":{"@id":"https:\/\/purplessence.net\/#website"},"primaryImageOfPage":{"@id":"https:\/\/purplessence.net\/?product=prirodni-sprej-protiv-komaraca-citrus-100ml#primaryimage"},"image":{"@id":"https:\/\/purplessence.net\/?product=prirodni-sprej-protiv-komaraca-citrus-100ml#primaryimage"},"thumbnailUrl":"https:\/\/purplessence.net\/wp-content\/uploads\/2025\/07\/prirodan-sprej-protiv-komaraca-citrus.jpg","datePublished":"2025-07-25T18:03:01+00:00","dateModified":"2026-01-08T13:13:07+00:00","description":"Sprej protiv komaraca sa \u010distim hidrolatom lavande i etarskim uljima. Pru\u017ea efikasnu za\u0161titu bez \u0161tetnih hemikalija. Idealan za decu i osetljive osobe.","breadcrumb":{"@id":"https:\/\/purplessence.net\/?product=prirodni-sprej-protiv-komaraca-citrus-100ml#breadcrumb"},"inLanguage":"sr-RS","potentialAction":[{"@type":"ReadAction","target":["https:\/\/purplessence.net\/?product=prirodni-sprej-protiv-komaraca-citrus-100ml"]}]},{"@type":"ImageObject","inLanguage":"sr-RS","@id":"https:\/\/purplessence.net\/?product=prirodni-sprej-protiv-komaraca-citrus-100ml#primaryimage","url":"https:\/\/purplessence.net\/wp-content\/uploads\/2025\/07\/prirodan-sprej-protiv-komaraca-citrus.jpg","contentUrl":"https:\/\/purplessence.net\/wp-content\/uploads\/2025\/07\/prirodan-sprej-protiv-komaraca-citrus.jpg","width":1920,"height":2560,"caption":"Sprej protiv komaraca Citrus | Limun i lavanda | Prirodni repelent bez hemije"},{"@type":"BreadcrumbList","@id":"https:\/\/purplessence.net\/?product=prirodni-sprej-protiv-komaraca-citrus-100ml#breadcrumb","itemListElement":[{"@type":"ListItem","position":1,"name":"Home","item":"https:\/\/purplessence.net\/"},{"@type":"ListItem","position":2,"name":"Shop","item":"https:\/\/purplessence.net\/?page_id=396"},{"@type":"ListItem","position":3,"name":"Prirodni sprej protiv komaraca Citrus 100ml"}]},{"@type":"WebSite","@id":"https:\/\/purplessence.net\/#website","url":"https:\/\/purplessence.net\/","name":"Purplessence.net","description":"Natural Lavender Products - Essence of Nature","publisher":{"@id":"https:\/\/purplessence.net\/#organization"},"alternateName":"Natural Lavender Products - Essence of Nature","potentialAction":[{"@type":"SearchAction","target":{"@type":"EntryPoint","urlTemplate":"https:\/\/purplessence.net\/?s={search_term_string}"},"query-input":{"@type":"PropertyValueSpecification","valueRequired":true,"valueName":"search_term_string"}}],"inLanguage":"sr-RS"},{"@type":"Organization","@id":"https:\/\/purplessence.net\/#organization","name":"PurplEssence Zrenjanin","alternateName":"Essence of Nature","url":"https:\/\/purplessence.net\/","logo":{"@type":"ImageObject","inLanguage":"sr-RS","@id":"https:\/\/purplessence.net\/#\/schema\/logo\/image\/","url":"https:\/\/purplessence.net\/wp-content\/uploads\/2025\/01\/cropped-cropped-logo-purplessence_lavanda.png","contentUrl":"https:\/\/purplessence.net\/wp-content\/uploads\/2025\/01\/cropped-cropped-logo-purplessence_lavanda.png","width":512,"height":512,"caption":"PurplEssence Zrenjanin"},"image":{"@id":"https:\/\/purplessence.net\/#\/schema\/logo\/image\/"},"sameAs":["https:\/\/www.facebook.com\/p\/Rasadnik-Lavande-Janoev-100085606671590\/"]}]}},"jetpack_sharing_enabled":true,"_links":{"self":[{"href":"https:\/\/purplessence.net\/index.php?rest_route=\/wp\/v2\/product\/1276","targetHints":{"allow":["GET"]}}],"collection":[{"href":"https:\/\/purplessence.net\/index.php?rest_route=\/wp\/v2\/product"}],"about":[{"href":"https:\/\/purplessence.net\/index.php?rest_route=\/wp\/v2\/types\/product"}],"replies":[{"embeddable":true,"href":"https:\/\/purplessence.net\/index.php?rest_route=%2Fwp%2Fv2%2Fcomments&post=1276"}],"wp:featuredmedia":[{"embeddable":true,"href":"https:\/\/purplessence.net\/index.php?rest_route=\/wp\/v2\/media\/1277"}],"wp:attachment":[{"href":"https:\/\/purplessence.net\/index.php?rest_route=%2Fwp%2Fv2%2Fmedia&parent=1276"}],"wp:term":[{"taxonomy":"product_brand","embeddable":true,"href":"https:\/\/purplessence.net\/index.php?rest_route=%2Fwp%2Fv2%2Fproduct_brand&post=1276"},{"taxonomy":"product_cat","embeddable":true,"href":"https:\/\/purplessence.net\/index.php?rest_route=%2Fwp%2Fv2%2Fproduct_cat&post=1276"},{"taxonomy":"product_tag","embeddable":true,"href":"https:\/\/purplessence.net\/index.php?rest_route=%2Fwp%2Fv2%2Fproduct_tag&post=1276"}],"curies":[{"name":"wp","href":"https:\/\/api.w.org\/{rel}","templated":true}]}}