{"id":1417,"date":"2025-09-22T20:56:34","date_gmt":"2025-09-22T18:56:34","guid":{"rendered":"https:\/\/purplessence.net\/?post_type=product&#038;p=1417"},"modified":"2026-02-19T20:06:31","modified_gmt":"2026-02-19T19:06:31","slug":"prirodni-antiseptik-za-saune-spa-centre-teretane","status":"publish","type":"product","link":"https:\/\/purplessence.net\/?product=prirodni-antiseptik-za-saune-spa-centre-teretane","title":{"rendered":"Prirodni antiseptik za dezinfekciju sauna, teretana i salona 250ml"},"content":{"rendered":"<p data-start=\"271\" data-end=\"597\"><strong data-start=\"852\" data-end=\"907\">Prirodni antiseptik za saune, spa centre i teretane<\/strong> je savr\u0161eno re\u0161enje za sve koji \u017eele odr\u017eati higijenu i osve\u017eenje svojih wellness prostora na prirodan na\u010din. Ovaj sprej kombinuje hidrolat lavande sa eteri\u010dnim uljima limuna i eukaliptusa, pru\u017eaju\u0107i efikasno dezinfikovanje povr\u0161ina, dok istovremeno ostavlja prijatan i prirodan miris. Idealno je za podove, klupe, staklene i drvene povr\u0161ine u saunama, parnim kupatilima, spa centrima i fitness objektima.<\/p>\n<p data-start=\"599\" data-end=\"876\">Idealno je re\u0161enje za teretane, saune, parna kupatila, solarijume i sve wellness centre koji \u017eele prirodnu, bezhemijsku za\u0161titu svojih prostora. <strong data-start=\"744\" data-end=\"784\">Prirodni aktiseptik za dezinfekciju sauna<\/strong> kombinuje mo\u0107 antiseptika sa aromaterapijskim efektom, pru\u017eaju\u0107i mir i higijenu u jednom.<\/p>\n<h3 data-start=\"883\" data-end=\"902\">Karakteristike:<\/h3>\n<ul data-start=\"903\" data-end=\"1182\">\n<li data-start=\"903\" data-end=\"952\">\n<p data-start=\"905\" data-end=\"952\">100% prirodna formula, bez \u0161tetnih hemikalija<\/p>\n<\/li>\n<li data-start=\"953\" data-end=\"1033\">\n<p data-start=\"955\" data-end=\"1033\">Dezinfikuje i osve\u017eava prostor u sauni, parnim kupatilima i fitness centrima<\/p>\n<\/li>\n<li data-start=\"1034\" data-end=\"1079\">\n<p data-start=\"1036\" data-end=\"1079\">Pogodno za podove, klupe i druge povr\u0161ine<\/p>\n<\/li>\n<li data-start=\"1080\" data-end=\"1128\">\n<p data-start=\"1082\" data-end=\"1128\">Prijatan miris lavande, eukaliptusa i limuna<\/p>\n<\/li>\n<li data-start=\"1129\" data-end=\"1182\">\n<p data-start=\"1131\" data-end=\"1182\">Lagan za upotrebu i siguran za redovno odr\u017eavanje<\/p>\n<\/li>\n<\/ul>\n<h3 data-start=\"1189\" data-end=\"1208\">Na\u010din upotrebe:<\/h3>\n<p data-start=\"1209\" data-end=\"1430\">Dobro promu\u0107kati i raspr\u0161iti na povr\u0161ine nakon kori\u0161\u0107enja sauna, parnih kupatila ili fitness prostora. Mo\u017ee se obrisati \u010distom krpom ili ostaviti da se osu\u0161i na vazduhu. Idealno za osnovno \u010di\u0161\u0107enje i redovno odr\u017eavanje.<\/p>\n<p><strong>Sastav (INCI):<\/strong> Lavandula Angustifolia Flower Water, Ethanol, Lavandula Angustifolia Oil, Eucalyptus Globulus Leaf Oil, Citrus Limon Peel Oil.<\/p>\n<p><strong>Rok upotrebe:<\/strong> 12 meseci od datuma proizvodnje<\/p>\n<p>Neto: 250ml<\/p>\n<p>Pogledaj arome za saune, parna kupatila i \u0111akuzije iz na\u0161e <a href=\"https:\/\/purplessence.net\/?product_cat=wellness-proizvodi-i-arome-sa-lavandom\"><strong>Wellness &amp; Spa kolekcije.<\/strong><\/a><\/p>\n<p>Saznaj kako da za\u0161titi\u0161 drvo u saunama na blogu: <a href=\"https:\/\/chillbunny.com\/en-au\/blogs\/read\/how-to-care-for-your-sauna-wood-maintenance-tips-for-longevity?srsltid=AfmBOooesLRu4MoH10McJ4O18uHWUrofwY5jK923046Lz5eIuiu9ugOr\"><strong>https:\/\/chillbunny.com\/en-au\/blogs\/read\/how-to-care-for-your-sauna-wood-maintenance-tips-for-longevity<\/strong><\/a><\/p>\n","protected":false},"excerpt":{"rendered":"<p>Prirodni antiseptik za saune, spa centre i teretane. Formulisan da elimini\u0161e neprijatne mirise i dezinfikuje podove, klupe i povr\u0161ine.<\/p>\n","protected":false},"featured_media":1416,"comment_status":"open","ping_status":"closed","template":"","meta":[],"product_brand":[],"product_cat":[289],"product_tag":[],"class_list":{"0":"post-1417","1":"product","2":"type-product","3":"status-publish","4":"has-post-thumbnail","6":"product_cat-proizvodi-za-negu-koze-nakon-saune","8":"first","9":"instock","10":"purchasable","11":"product-type-simple"},"yoast_head":"<!-- This site is optimized with the Yoast SEO plugin v27.4 - https:\/\/yoast.com\/product\/yoast-seo-wordpress\/ -->\n<title>Prirodni antiseptik za dezinfekciju sauna, teretana i salona 250ml - Purplessence - Essence of Nature<\/title>\n<meta name=\"description\" content=\"Prirodni antiseptik za saune, spa centre i teretane \u010disti, osve\u017eava i dezinfikuje povr\u0161ine prirodnim hidrolatom lavande i eteri\u010dnim uljima.\" \/>\n<meta name=\"robots\" content=\"index, follow, max-snippet:-1, max-image-preview:large, max-video-preview:-1\" \/>\n<link rel=\"canonical\" href=\"https:\/\/purplessence.net\/?product=prirodni-antiseptik-za-saune-spa-centre-teretane\" \/>\n<meta property=\"og:locale\" content=\"sr_RS\" \/>\n<meta property=\"og:type\" content=\"article\" \/>\n<meta property=\"og:title\" content=\"Prirodni antiseptik za dezinfekciju sauna, teretana i salona 250ml - Purplessence - Essence of Nature\" \/>\n<meta property=\"og:description\" content=\"Prirodni antiseptik za saune, spa centre i teretane \u010disti, osve\u017eava i dezinfikuje povr\u0161ine prirodnim hidrolatom lavande i eteri\u010dnim uljima.\" \/>\n<meta property=\"og:url\" content=\"https:\/\/purplessence.net\/?product=prirodni-antiseptik-za-saune-spa-centre-teretane\" \/>\n<meta property=\"og:site_name\" content=\"Purplessence - Essence of Nature\" \/>\n<meta property=\"article:publisher\" content=\"https:\/\/www.facebook.com\/p\/Rasadnik-Lavande-Janoev-100085606671590\/\" \/>\n<meta property=\"article:modified_time\" content=\"2026-02-19T19:06:31+00:00\" \/>\n<meta property=\"og:image\" content=\"https:\/\/purplessence.net\/wp-content\/uploads\/2025\/09\/sauna-antiseptik-purplessence.jpg\" \/>\n\t<meta property=\"og:image:width\" content=\"342\" \/>\n\t<meta property=\"og:image:height\" content=\"400\" \/>\n\t<meta property=\"og:image:type\" content=\"image\/jpeg\" \/>\n<meta name=\"twitter:card\" content=\"summary_large_image\" \/>\n<meta name=\"twitter:label1\" content=\"\u041f\u0440\u043e\u0446\u0435\u045a\u0435\u043d\u043e \u0432\u0440\u0435\u043c\u0435 \u0447\u0438\u0442\u0430\u045a\u0430\" \/>\n\t<meta name=\"twitter:data1\" content=\"2 \u043c\u0438\u043d\u0443\u0442\u0430\" \/>\n<script type=\"application\/ld+json\" class=\"yoast-schema-graph\">{\"@context\":\"https:\\\/\\\/schema.org\",\"@graph\":[{\"@type\":\"WebPage\",\"@id\":\"https:\\\/\\\/purplessence.net\\\/?product=prirodni-antiseptik-za-saune-spa-centre-teretane\",\"url\":\"https:\\\/\\\/purplessence.net\\\/?product=prirodni-antiseptik-za-saune-spa-centre-teretane\",\"name\":\"Prirodni antiseptik za dezinfekciju sauna, teretana i salona 250ml - Purplessence - Essence of Nature\",\"isPartOf\":{\"@id\":\"https:\\\/\\\/purplessence.net\\\/#website\"},\"primaryImageOfPage\":{\"@id\":\"https:\\\/\\\/purplessence.net\\\/?product=prirodni-antiseptik-za-saune-spa-centre-teretane#primaryimage\"},\"image\":{\"@id\":\"https:\\\/\\\/purplessence.net\\\/?product=prirodni-antiseptik-za-saune-spa-centre-teretane#primaryimage\"},\"thumbnailUrl\":\"https:\\\/\\\/purplessence.net\\\/wp-content\\\/uploads\\\/2025\\\/09\\\/sauna-antiseptik-purplessence.jpg\",\"datePublished\":\"2025-09-22T18:56:34+00:00\",\"dateModified\":\"2026-02-19T19:06:31+00:00\",\"description\":\"Prirodni antiseptik za saune, spa centre i teretane \u010disti, osve\u017eava i dezinfikuje povr\u0161ine prirodnim hidrolatom lavande i eteri\u010dnim uljima.\",\"breadcrumb\":{\"@id\":\"https:\\\/\\\/purplessence.net\\\/?product=prirodni-antiseptik-za-saune-spa-centre-teretane#breadcrumb\"},\"inLanguage\":\"sr-RS\",\"potentialAction\":[{\"@type\":\"ReadAction\",\"target\":[\"https:\\\/\\\/purplessence.net\\\/?product=prirodni-antiseptik-za-saune-spa-centre-teretane\"]}]},{\"@type\":\"ImageObject\",\"inLanguage\":\"sr-RS\",\"@id\":\"https:\\\/\\\/purplessence.net\\\/?product=prirodni-antiseptik-za-saune-spa-centre-teretane#primaryimage\",\"url\":\"https:\\\/\\\/purplessence.net\\\/wp-content\\\/uploads\\\/2025\\\/09\\\/sauna-antiseptik-purplessence.jpg\",\"contentUrl\":\"https:\\\/\\\/purplessence.net\\\/wp-content\\\/uploads\\\/2025\\\/09\\\/sauna-antiseptik-purplessence.jpg\",\"width\":342,\"height\":400,\"caption\":\"Proizvodi za odrzavanje sauna i wellness centara\"},{\"@type\":\"BreadcrumbList\",\"@id\":\"https:\\\/\\\/purplessence.net\\\/?product=prirodni-antiseptik-za-saune-spa-centre-teretane#breadcrumb\",\"itemListElement\":[{\"@type\":\"ListItem\",\"position\":1,\"name\":\"Home\",\"item\":\"https:\\\/\\\/purplessence.net\\\/\"},{\"@type\":\"ListItem\",\"position\":2,\"name\":\"Shop\",\"item\":\"https:\\\/\\\/purplessence.net\\\/?page_id=396\"},{\"@type\":\"ListItem\",\"position\":3,\"name\":\"Prirodni antiseptik za dezinfekciju sauna, teretana i salona 250ml\"}]},{\"@type\":\"WebSite\",\"@id\":\"https:\\\/\\\/purplessence.net\\\/#website\",\"url\":\"https:\\\/\\\/purplessence.net\\\/\",\"name\":\"Purplessence.net\",\"description\":\"Natural Lavender Products - Essence of Nature\",\"publisher\":{\"@id\":\"https:\\\/\\\/purplessence.net\\\/#organization\"},\"alternateName\":\"Natural Lavender Products - Essence of Nature\",\"potentialAction\":[{\"@type\":\"SearchAction\",\"target\":{\"@type\":\"EntryPoint\",\"urlTemplate\":\"https:\\\/\\\/purplessence.net\\\/?s={search_term_string}\"},\"query-input\":{\"@type\":\"PropertyValueSpecification\",\"valueRequired\":true,\"valueName\":\"search_term_string\"}}],\"inLanguage\":\"sr-RS\"},{\"@type\":\"Organization\",\"@id\":\"https:\\\/\\\/purplessence.net\\\/#organization\",\"name\":\"PurplEssence Zrenjanin\",\"alternateName\":\"Essence of Nature\",\"url\":\"https:\\\/\\\/purplessence.net\\\/\",\"logo\":{\"@type\":\"ImageObject\",\"inLanguage\":\"sr-RS\",\"@id\":\"https:\\\/\\\/purplessence.net\\\/#\\\/schema\\\/logo\\\/image\\\/\",\"url\":\"https:\\\/\\\/purplessence.net\\\/wp-content\\\/uploads\\\/2025\\\/01\\\/cropped-cropped-logo-purplessence_lavanda.png\",\"contentUrl\":\"https:\\\/\\\/purplessence.net\\\/wp-content\\\/uploads\\\/2025\\\/01\\\/cropped-cropped-logo-purplessence_lavanda.png\",\"width\":512,\"height\":512,\"caption\":\"PurplEssence Zrenjanin\"},\"image\":{\"@id\":\"https:\\\/\\\/purplessence.net\\\/#\\\/schema\\\/logo\\\/image\\\/\"},\"sameAs\":[\"https:\\\/\\\/www.facebook.com\\\/p\\\/Rasadnik-Lavande-Janoev-100085606671590\\\/\"]}]}<\/script>\n<!-- \/ Yoast SEO plugin. -->","yoast_head_json":{"title":"Prirodni antiseptik za dezinfekciju sauna, teretana i salona 250ml - Purplessence - Essence of Nature","description":"Prirodni antiseptik za saune, spa centre i teretane \u010disti, osve\u017eava i dezinfikuje povr\u0161ine prirodnim hidrolatom lavande i eteri\u010dnim uljima.","robots":{"index":"index","follow":"follow","max-snippet":"max-snippet:-1","max-image-preview":"max-image-preview:large","max-video-preview":"max-video-preview:-1"},"canonical":"https:\/\/purplessence.net\/?product=prirodni-antiseptik-za-saune-spa-centre-teretane","og_locale":"sr_RS","og_type":"article","og_title":"Prirodni antiseptik za dezinfekciju sauna, teretana i salona 250ml - Purplessence - Essence of Nature","og_description":"Prirodni antiseptik za saune, spa centre i teretane \u010disti, osve\u017eava i dezinfikuje povr\u0161ine prirodnim hidrolatom lavande i eteri\u010dnim uljima.","og_url":"https:\/\/purplessence.net\/?product=prirodni-antiseptik-za-saune-spa-centre-teretane","og_site_name":"Purplessence - Essence of Nature","article_publisher":"https:\/\/www.facebook.com\/p\/Rasadnik-Lavande-Janoev-100085606671590\/","article_modified_time":"2026-02-19T19:06:31+00:00","og_image":[{"width":342,"height":400,"url":"https:\/\/purplessence.net\/wp-content\/uploads\/2025\/09\/sauna-antiseptik-purplessence.jpg","type":"image\/jpeg"}],"twitter_card":"summary_large_image","twitter_misc":{"\u041f\u0440\u043e\u0446\u0435\u045a\u0435\u043d\u043e \u0432\u0440\u0435\u043c\u0435 \u0447\u0438\u0442\u0430\u045a\u0430":"2 \u043c\u0438\u043d\u0443\u0442\u0430"},"schema":{"@context":"https:\/\/schema.org","@graph":[{"@type":"WebPage","@id":"https:\/\/purplessence.net\/?product=prirodni-antiseptik-za-saune-spa-centre-teretane","url":"https:\/\/purplessence.net\/?product=prirodni-antiseptik-za-saune-spa-centre-teretane","name":"Prirodni antiseptik za dezinfekciju sauna, teretana i salona 250ml - Purplessence - Essence of Nature","isPartOf":{"@id":"https:\/\/purplessence.net\/#website"},"primaryImageOfPage":{"@id":"https:\/\/purplessence.net\/?product=prirodni-antiseptik-za-saune-spa-centre-teretane#primaryimage"},"image":{"@id":"https:\/\/purplessence.net\/?product=prirodni-antiseptik-za-saune-spa-centre-teretane#primaryimage"},"thumbnailUrl":"https:\/\/purplessence.net\/wp-content\/uploads\/2025\/09\/sauna-antiseptik-purplessence.jpg","datePublished":"2025-09-22T18:56:34+00:00","dateModified":"2026-02-19T19:06:31+00:00","description":"Prirodni antiseptik za saune, spa centre i teretane \u010disti, osve\u017eava i dezinfikuje povr\u0161ine prirodnim hidrolatom lavande i eteri\u010dnim uljima.","breadcrumb":{"@id":"https:\/\/purplessence.net\/?product=prirodni-antiseptik-za-saune-spa-centre-teretane#breadcrumb"},"inLanguage":"sr-RS","potentialAction":[{"@type":"ReadAction","target":["https:\/\/purplessence.net\/?product=prirodni-antiseptik-za-saune-spa-centre-teretane"]}]},{"@type":"ImageObject","inLanguage":"sr-RS","@id":"https:\/\/purplessence.net\/?product=prirodni-antiseptik-za-saune-spa-centre-teretane#primaryimage","url":"https:\/\/purplessence.net\/wp-content\/uploads\/2025\/09\/sauna-antiseptik-purplessence.jpg","contentUrl":"https:\/\/purplessence.net\/wp-content\/uploads\/2025\/09\/sauna-antiseptik-purplessence.jpg","width":342,"height":400,"caption":"Proizvodi za odrzavanje sauna i wellness centara"},{"@type":"BreadcrumbList","@id":"https:\/\/purplessence.net\/?product=prirodni-antiseptik-za-saune-spa-centre-teretane#breadcrumb","itemListElement":[{"@type":"ListItem","position":1,"name":"Home","item":"https:\/\/purplessence.net\/"},{"@type":"ListItem","position":2,"name":"Shop","item":"https:\/\/purplessence.net\/?page_id=396"},{"@type":"ListItem","position":3,"name":"Prirodni antiseptik za dezinfekciju sauna, teretana i salona 250ml"}]},{"@type":"WebSite","@id":"https:\/\/purplessence.net\/#website","url":"https:\/\/purplessence.net\/","name":"Purplessence.net","description":"Natural Lavender Products - Essence of Nature","publisher":{"@id":"https:\/\/purplessence.net\/#organization"},"alternateName":"Natural Lavender Products - Essence of Nature","potentialAction":[{"@type":"SearchAction","target":{"@type":"EntryPoint","urlTemplate":"https:\/\/purplessence.net\/?s={search_term_string}"},"query-input":{"@type":"PropertyValueSpecification","valueRequired":true,"valueName":"search_term_string"}}],"inLanguage":"sr-RS"},{"@type":"Organization","@id":"https:\/\/purplessence.net\/#organization","name":"PurplEssence Zrenjanin","alternateName":"Essence of Nature","url":"https:\/\/purplessence.net\/","logo":{"@type":"ImageObject","inLanguage":"sr-RS","@id":"https:\/\/purplessence.net\/#\/schema\/logo\/image\/","url":"https:\/\/purplessence.net\/wp-content\/uploads\/2025\/01\/cropped-cropped-logo-purplessence_lavanda.png","contentUrl":"https:\/\/purplessence.net\/wp-content\/uploads\/2025\/01\/cropped-cropped-logo-purplessence_lavanda.png","width":512,"height":512,"caption":"PurplEssence Zrenjanin"},"image":{"@id":"https:\/\/purplessence.net\/#\/schema\/logo\/image\/"},"sameAs":["https:\/\/www.facebook.com\/p\/Rasadnik-Lavande-Janoev-100085606671590\/"]}]}},"jetpack_sharing_enabled":true,"_links":{"self":[{"href":"https:\/\/purplessence.net\/index.php?rest_route=\/wp\/v2\/product\/1417","targetHints":{"allow":["GET"]}}],"collection":[{"href":"https:\/\/purplessence.net\/index.php?rest_route=\/wp\/v2\/product"}],"about":[{"href":"https:\/\/purplessence.net\/index.php?rest_route=\/wp\/v2\/types\/product"}],"replies":[{"embeddable":true,"href":"https:\/\/purplessence.net\/index.php?rest_route=%2Fwp%2Fv2%2Fcomments&post=1417"}],"wp:featuredmedia":[{"embeddable":true,"href":"https:\/\/purplessence.net\/index.php?rest_route=\/wp\/v2\/media\/1416"}],"wp:attachment":[{"href":"https:\/\/purplessence.net\/index.php?rest_route=%2Fwp%2Fv2%2Fmedia&parent=1417"}],"wp:term":[{"taxonomy":"product_brand","embeddable":true,"href":"https:\/\/purplessence.net\/index.php?rest_route=%2Fwp%2Fv2%2Fproduct_brand&post=1417"},{"taxonomy":"product_cat","embeddable":true,"href":"https:\/\/purplessence.net\/index.php?rest_route=%2Fwp%2Fv2%2Fproduct_cat&post=1417"},{"taxonomy":"product_tag","embeddable":true,"href":"https:\/\/purplessence.net\/index.php?rest_route=%2Fwp%2Fv2%2Fproduct_tag&post=1417"}],"curies":[{"name":"wp","href":"https:\/\/api.w.org\/{rel}","templated":true}]}}