{"id":1421,"date":"2025-09-22T21:25:35","date_gmt":"2025-09-22T19:25:35","guid":{"rendered":"https:\/\/purplessence.net\/?post_type=product&#038;p=1421"},"modified":"2026-01-08T15:16:35","modified_gmt":"2026-01-08T14:16:35","slug":"sauna-body-butter-200ml","status":"publish","type":"product","link":"https:\/\/purplessence.net\/?product=sauna-body-butter-200ml","title":{"rendered":"Sauna Body Butter 200ml"},"content":{"rendered":"<p>Luksuzni Sauna Body Butter formulisan za negu ko\u017ee posle kori\u0161\u0107enja saune, parnog kupatila ili tu\u0161iranja. Kombinacija shea putera, kokosovog, bademovog i jojobinog ulja hrani i hidrira ko\u017eu, dok kombinacija eteri\u010dnih ulja osve\u017eavaju i revitalizuju telo.<\/p>\n<p><strong>Klju\u010dne karakteristike:<\/strong><\/p>\n<ul>\n<li>Hidrira i hrani ko\u017eu nakon saune<\/li>\n<li>Opu\u0161taju\u0107i miris lavande, mente i citrusa<\/li>\n<li>100% prirodni sastojci<\/li>\n<li>Ko\u017ea ostaje glatka i meka<\/li>\n<\/ul>\n<p><strong>Sastojci (INCI):<\/strong> Butyrospermum Parkii Butter, Cocos Nucifera Oil, Simmondsia Chinensis Seed Oil, Prunus Amygdalus Dulcis Oil, Tocopherol, Cera Alba, Lavandula Angustifolia Oil, Mentha Piperita Oil, Cymbopogon Citratus Oil, Vanilla Planifolia Extract.<\/p>\n<p><strong>Upotreba:<\/strong> Nanesite malu koli\u010dinu na \u010distu i vla\u017enu ko\u017eu posle saune ili tu\u0161iranja. Samo za spolja\u0161nju upotrebu.<\/p>\n<p><strong>Rok upotrebe:<\/strong> 12 meseci od otvaranja.<\/p>\n<p>Pogledajte iz na\u0161e ponude i <a href=\"https:\/\/purplessence.net\/?product_cat=prirodne-marmelade-za-brzo-tamnjenje\">marmelade za bronzan ten.<\/a><\/p>\n<p>Saznajte sve o upotrebi putera za telo i njegovim benefitima:\u00a0<a href=\"https:\/\/littlerituals.in\/blogs\/news\/what-is-body-butter?srsltid=AfmBOooibjW_Obci2TSPPAFqkJMYSaMFGqNMLjd-0yIpT3yUvwcr1j2b\"><strong>What is Body Butter? Benefits, How to Use It ?<\/strong><\/a><\/p>\n","protected":false},"excerpt":{"rendered":"<p style=\"text-align: justify;\">Prirodni puter za telo posle saune. Hrani, \u0161titi i hidrira ko\u017eu nakon kori\u0161\u0107enja saune.<\/p>\n","protected":false},"featured_media":1422,"comment_status":"open","ping_status":"closed","template":"","meta":[],"product_brand":[],"product_cat":[289,121],"product_tag":[300,299,298,297,301],"class_list":{"0":"post-1421","1":"product","2":"type-product","3":"status-publish","4":"has-post-thumbnail","6":"product_cat-proizvodi-za-negu-koze-nakon-saune","7":"product_cat-puteri-za-lice-i-telo","8":"product_tag-body-butter-lavanda-menta","9":"product_tag-nega-koze-posle-saune","10":"product_tag-prirodni-puter-za-telo","11":"product_tag-sauna-body-butter","12":"product_tag-spa-kozmetika-prirodna","14":"first","15":"instock","16":"purchasable","17":"product-type-simple"},"yoast_head":"<!-- This site is optimized with the Yoast SEO plugin v27.4 - https:\/\/yoast.com\/product\/yoast-seo-wordpress\/ -->\n<title>Sauna Body Butter 200ml Purplessence - Essence of Nature<\/title>\n<meta name=\"description\" content=\"Luksuzni Sauna Body Butter formulisan za negu ko\u017ee posle kori\u0161\u0107enja saune, parnog kupatila ili tu\u0161iranja.\" \/>\n<meta name=\"robots\" content=\"index, follow, max-snippet:-1, max-image-preview:large, max-video-preview:-1\" \/>\n<link rel=\"canonical\" href=\"https:\/\/purplessence.net\/?product=sauna-body-butter-200ml\" \/>\n<meta property=\"og:locale\" content=\"sr_RS\" \/>\n<meta property=\"og:type\" content=\"article\" \/>\n<meta property=\"og:title\" content=\"Sauna Body Butter 200ml Purplessence - Essence of Nature\" \/>\n<meta property=\"og:description\" content=\"Luksuzni Sauna Body Butter formulisan za negu ko\u017ee posle kori\u0161\u0107enja saune, parnog kupatila ili tu\u0161iranja.\" \/>\n<meta property=\"og:url\" content=\"https:\/\/purplessence.net\/?product=sauna-body-butter-200ml\" \/>\n<meta property=\"og:site_name\" content=\"Purplessence - Essence of Nature\" \/>\n<meta property=\"article:publisher\" content=\"https:\/\/www.facebook.com\/p\/Rasadnik-Lavande-Janoev-100085606671590\/\" \/>\n<meta property=\"article:modified_time\" content=\"2026-01-08T14:16:35+00:00\" \/>\n<meta property=\"og:image\" content=\"https:\/\/purplessence.net\/wp-content\/uploads\/2025\/09\/after-sauna-body-butter-purplessence.jpg\" \/>\n\t<meta property=\"og:image:width\" content=\"1920\" \/>\n\t<meta property=\"og:image:height\" content=\"2560\" \/>\n\t<meta property=\"og:image:type\" content=\"image\/jpeg\" \/>\n<meta name=\"twitter:card\" content=\"summary_large_image\" \/>\n<meta name=\"twitter:label1\" content=\"\u041f\u0440\u043e\u0446\u0435\u045a\u0435\u043d\u043e \u0432\u0440\u0435\u043c\u0435 \u0447\u0438\u0442\u0430\u045a\u0430\" \/>\n\t<meta name=\"twitter:data1\" content=\"1 \u043c\u0438\u043d\u0443\u0442\" \/>\n<script type=\"application\/ld+json\" class=\"yoast-schema-graph\">{\"@context\":\"https:\\\/\\\/schema.org\",\"@graph\":[{\"@type\":\"WebPage\",\"@id\":\"https:\\\/\\\/purplessence.net\\\/?product=sauna-body-butter-200ml\",\"url\":\"https:\\\/\\\/purplessence.net\\\/?product=sauna-body-butter-200ml\",\"name\":\"Sauna Body Butter 200ml Purplessence - Essence of Nature\",\"isPartOf\":{\"@id\":\"https:\\\/\\\/purplessence.net\\\/#website\"},\"primaryImageOfPage\":{\"@id\":\"https:\\\/\\\/purplessence.net\\\/?product=sauna-body-butter-200ml#primaryimage\"},\"image\":{\"@id\":\"https:\\\/\\\/purplessence.net\\\/?product=sauna-body-butter-200ml#primaryimage\"},\"thumbnailUrl\":\"https:\\\/\\\/purplessence.net\\\/wp-content\\\/uploads\\\/2025\\\/09\\\/after-sauna-body-butter-purplessence.jpg\",\"datePublished\":\"2025-09-22T19:25:35+00:00\",\"dateModified\":\"2026-01-08T14:16:35+00:00\",\"description\":\"Luksuzni Sauna Body Butter formulisan za negu ko\u017ee posle kori\u0161\u0107enja saune, parnog kupatila ili tu\u0161iranja.\",\"breadcrumb\":{\"@id\":\"https:\\\/\\\/purplessence.net\\\/?product=sauna-body-butter-200ml#breadcrumb\"},\"inLanguage\":\"sr-RS\",\"potentialAction\":[{\"@type\":\"ReadAction\",\"target\":[\"https:\\\/\\\/purplessence.net\\\/?product=sauna-body-butter-200ml\"]}]},{\"@type\":\"ImageObject\",\"inLanguage\":\"sr-RS\",\"@id\":\"https:\\\/\\\/purplessence.net\\\/?product=sauna-body-butter-200ml#primaryimage\",\"url\":\"https:\\\/\\\/purplessence.net\\\/wp-content\\\/uploads\\\/2025\\\/09\\\/after-sauna-body-butter-purplessence.jpg\",\"contentUrl\":\"https:\\\/\\\/purplessence.net\\\/wp-content\\\/uploads\\\/2025\\\/09\\\/after-sauna-body-butter-purplessence.jpg\",\"width\":1920,\"height\":2560,\"caption\":\"Sauna body butter \u2013 prirodna nega ko\u017ee posle saune i spa rituala\"},{\"@type\":\"BreadcrumbList\",\"@id\":\"https:\\\/\\\/purplessence.net\\\/?product=sauna-body-butter-200ml#breadcrumb\",\"itemListElement\":[{\"@type\":\"ListItem\",\"position\":1,\"name\":\"Home\",\"item\":\"https:\\\/\\\/purplessence.net\\\/\"},{\"@type\":\"ListItem\",\"position\":2,\"name\":\"Shop\",\"item\":\"https:\\\/\\\/purplessence.net\\\/?page_id=396\"},{\"@type\":\"ListItem\",\"position\":3,\"name\":\"Sauna Body Butter 200ml\"}]},{\"@type\":\"WebSite\",\"@id\":\"https:\\\/\\\/purplessence.net\\\/#website\",\"url\":\"https:\\\/\\\/purplessence.net\\\/\",\"name\":\"Purplessence.net\",\"description\":\"Natural Lavender Products - Essence of Nature\",\"publisher\":{\"@id\":\"https:\\\/\\\/purplessence.net\\\/#organization\"},\"alternateName\":\"Natural Lavender Products - Essence of Nature\",\"potentialAction\":[{\"@type\":\"SearchAction\",\"target\":{\"@type\":\"EntryPoint\",\"urlTemplate\":\"https:\\\/\\\/purplessence.net\\\/?s={search_term_string}\"},\"query-input\":{\"@type\":\"PropertyValueSpecification\",\"valueRequired\":true,\"valueName\":\"search_term_string\"}}],\"inLanguage\":\"sr-RS\"},{\"@type\":\"Organization\",\"@id\":\"https:\\\/\\\/purplessence.net\\\/#organization\",\"name\":\"PurplEssence Zrenjanin\",\"alternateName\":\"Essence of Nature\",\"url\":\"https:\\\/\\\/purplessence.net\\\/\",\"logo\":{\"@type\":\"ImageObject\",\"inLanguage\":\"sr-RS\",\"@id\":\"https:\\\/\\\/purplessence.net\\\/#\\\/schema\\\/logo\\\/image\\\/\",\"url\":\"https:\\\/\\\/purplessence.net\\\/wp-content\\\/uploads\\\/2025\\\/01\\\/cropped-cropped-logo-purplessence_lavanda.png\",\"contentUrl\":\"https:\\\/\\\/purplessence.net\\\/wp-content\\\/uploads\\\/2025\\\/01\\\/cropped-cropped-logo-purplessence_lavanda.png\",\"width\":512,\"height\":512,\"caption\":\"PurplEssence Zrenjanin\"},\"image\":{\"@id\":\"https:\\\/\\\/purplessence.net\\\/#\\\/schema\\\/logo\\\/image\\\/\"},\"sameAs\":[\"https:\\\/\\\/www.facebook.com\\\/p\\\/Rasadnik-Lavande-Janoev-100085606671590\\\/\"]}]}<\/script>\n<!-- \/ Yoast SEO plugin. -->","yoast_head_json":{"title":"Sauna Body Butter 200ml Purplessence - Essence of Nature","description":"Luksuzni Sauna Body Butter formulisan za negu ko\u017ee posle kori\u0161\u0107enja saune, parnog kupatila ili tu\u0161iranja.","robots":{"index":"index","follow":"follow","max-snippet":"max-snippet:-1","max-image-preview":"max-image-preview:large","max-video-preview":"max-video-preview:-1"},"canonical":"https:\/\/purplessence.net\/?product=sauna-body-butter-200ml","og_locale":"sr_RS","og_type":"article","og_title":"Sauna Body Butter 200ml Purplessence - Essence of Nature","og_description":"Luksuzni Sauna Body Butter formulisan za negu ko\u017ee posle kori\u0161\u0107enja saune, parnog kupatila ili tu\u0161iranja.","og_url":"https:\/\/purplessence.net\/?product=sauna-body-butter-200ml","og_site_name":"Purplessence - Essence of Nature","article_publisher":"https:\/\/www.facebook.com\/p\/Rasadnik-Lavande-Janoev-100085606671590\/","article_modified_time":"2026-01-08T14:16:35+00:00","og_image":[{"width":1920,"height":2560,"url":"https:\/\/purplessence.net\/wp-content\/uploads\/2025\/09\/after-sauna-body-butter-purplessence.jpg","type":"image\/jpeg"}],"twitter_card":"summary_large_image","twitter_misc":{"\u041f\u0440\u043e\u0446\u0435\u045a\u0435\u043d\u043e \u0432\u0440\u0435\u043c\u0435 \u0447\u0438\u0442\u0430\u045a\u0430":"1 \u043c\u0438\u043d\u0443\u0442"},"schema":{"@context":"https:\/\/schema.org","@graph":[{"@type":"WebPage","@id":"https:\/\/purplessence.net\/?product=sauna-body-butter-200ml","url":"https:\/\/purplessence.net\/?product=sauna-body-butter-200ml","name":"Sauna Body Butter 200ml Purplessence - Essence of Nature","isPartOf":{"@id":"https:\/\/purplessence.net\/#website"},"primaryImageOfPage":{"@id":"https:\/\/purplessence.net\/?product=sauna-body-butter-200ml#primaryimage"},"image":{"@id":"https:\/\/purplessence.net\/?product=sauna-body-butter-200ml#primaryimage"},"thumbnailUrl":"https:\/\/purplessence.net\/wp-content\/uploads\/2025\/09\/after-sauna-body-butter-purplessence.jpg","datePublished":"2025-09-22T19:25:35+00:00","dateModified":"2026-01-08T14:16:35+00:00","description":"Luksuzni Sauna Body Butter formulisan za negu ko\u017ee posle kori\u0161\u0107enja saune, parnog kupatila ili tu\u0161iranja.","breadcrumb":{"@id":"https:\/\/purplessence.net\/?product=sauna-body-butter-200ml#breadcrumb"},"inLanguage":"sr-RS","potentialAction":[{"@type":"ReadAction","target":["https:\/\/purplessence.net\/?product=sauna-body-butter-200ml"]}]},{"@type":"ImageObject","inLanguage":"sr-RS","@id":"https:\/\/purplessence.net\/?product=sauna-body-butter-200ml#primaryimage","url":"https:\/\/purplessence.net\/wp-content\/uploads\/2025\/09\/after-sauna-body-butter-purplessence.jpg","contentUrl":"https:\/\/purplessence.net\/wp-content\/uploads\/2025\/09\/after-sauna-body-butter-purplessence.jpg","width":1920,"height":2560,"caption":"Sauna body butter \u2013 prirodna nega ko\u017ee posle saune i spa rituala"},{"@type":"BreadcrumbList","@id":"https:\/\/purplessence.net\/?product=sauna-body-butter-200ml#breadcrumb","itemListElement":[{"@type":"ListItem","position":1,"name":"Home","item":"https:\/\/purplessence.net\/"},{"@type":"ListItem","position":2,"name":"Shop","item":"https:\/\/purplessence.net\/?page_id=396"},{"@type":"ListItem","position":3,"name":"Sauna Body Butter 200ml"}]},{"@type":"WebSite","@id":"https:\/\/purplessence.net\/#website","url":"https:\/\/purplessence.net\/","name":"Purplessence.net","description":"Natural Lavender Products - Essence of Nature","publisher":{"@id":"https:\/\/purplessence.net\/#organization"},"alternateName":"Natural Lavender Products - Essence of Nature","potentialAction":[{"@type":"SearchAction","target":{"@type":"EntryPoint","urlTemplate":"https:\/\/purplessence.net\/?s={search_term_string}"},"query-input":{"@type":"PropertyValueSpecification","valueRequired":true,"valueName":"search_term_string"}}],"inLanguage":"sr-RS"},{"@type":"Organization","@id":"https:\/\/purplessence.net\/#organization","name":"PurplEssence Zrenjanin","alternateName":"Essence of Nature","url":"https:\/\/purplessence.net\/","logo":{"@type":"ImageObject","inLanguage":"sr-RS","@id":"https:\/\/purplessence.net\/#\/schema\/logo\/image\/","url":"https:\/\/purplessence.net\/wp-content\/uploads\/2025\/01\/cropped-cropped-logo-purplessence_lavanda.png","contentUrl":"https:\/\/purplessence.net\/wp-content\/uploads\/2025\/01\/cropped-cropped-logo-purplessence_lavanda.png","width":512,"height":512,"caption":"PurplEssence Zrenjanin"},"image":{"@id":"https:\/\/purplessence.net\/#\/schema\/logo\/image\/"},"sameAs":["https:\/\/www.facebook.com\/p\/Rasadnik-Lavande-Janoev-100085606671590\/"]}]}},"jetpack_sharing_enabled":true,"_links":{"self":[{"href":"https:\/\/purplessence.net\/index.php?rest_route=\/wp\/v2\/product\/1421","targetHints":{"allow":["GET"]}}],"collection":[{"href":"https:\/\/purplessence.net\/index.php?rest_route=\/wp\/v2\/product"}],"about":[{"href":"https:\/\/purplessence.net\/index.php?rest_route=\/wp\/v2\/types\/product"}],"replies":[{"embeddable":true,"href":"https:\/\/purplessence.net\/index.php?rest_route=%2Fwp%2Fv2%2Fcomments&post=1421"}],"wp:featuredmedia":[{"embeddable":true,"href":"https:\/\/purplessence.net\/index.php?rest_route=\/wp\/v2\/media\/1422"}],"wp:attachment":[{"href":"https:\/\/purplessence.net\/index.php?rest_route=%2Fwp%2Fv2%2Fmedia&parent=1421"}],"wp:term":[{"taxonomy":"product_brand","embeddable":true,"href":"https:\/\/purplessence.net\/index.php?rest_route=%2Fwp%2Fv2%2Fproduct_brand&post=1421"},{"taxonomy":"product_cat","embeddable":true,"href":"https:\/\/purplessence.net\/index.php?rest_route=%2Fwp%2Fv2%2Fproduct_cat&post=1421"},{"taxonomy":"product_tag","embeddable":true,"href":"https:\/\/purplessence.net\/index.php?rest_route=%2Fwp%2Fv2%2Fproduct_tag&post=1421"}],"curies":[{"name":"wp","href":"https:\/\/api.w.org\/{rel}","templated":true}]}}