{"id":1711,"date":"2026-01-10T14:44:06","date_gmt":"2026-01-10T13:44:06","guid":{"rendered":"https:\/\/purplessence.net\/?post_type=product&#038;p=1711"},"modified":"2026-01-10T14:51:08","modified_gmt":"2026-01-10T13:51:08","slug":"domaca-rakija-sa-lavandom-187ml","status":"publish","type":"product","link":"https:\/\/purplessence.net\/?product=domaca-rakija-sa-lavandom-187ml","title":{"rendered":"Doma\u0107a rakija sa lavandom 187ml"},"content":{"rendered":"<p>Rakija sa lavandom je <strong data-start=\"262\" data-end=\"309\">tradicionalna doma\u0107a vo\u0107na rakija iz Srbije<\/strong>, oboga\u0107ena sve\u017eim cvetovima lavande (<em data-start=\"347\" data-end=\"371\">Lavandula angustifolia<\/em>) napravljena sa na\u0161e ekolo\u0161ke planta\u017ee iz srca Vojvodine. Proizvedena po tradicionalnoj recepturi, ova aromatizovana rakija spaja autenti\u010dan ukus vo\u0107a i ne\u017ene cvetne note lavande, stvaraju\u0107i jedinstveno i harmoni\u010dno pi\u0107e.<\/p>\n<p data-start=\"565\" data-end=\"947\">Kao simbol srpske tradicije i gostoprimstva, rakija zauzima posebno mesto u na\u0161oj kulturi. Na\u0161a <strong data-start=\"661\" data-end=\"683\">rakija sa lavandom<\/strong> nastaje u malim serijama, od pa\u017eljivo biranih plodova, bez ve\u0161ta\u010dkih aroma i dodataka, kako bi se sa\u010duvala prirodna aroma i kvalitet. Lavanda, poznata po svojim umiruju\u0107im i blagotvornim svojstvima, daje ovoj rakiji prefinjen miris i elegantan, blago cvetni ukus. Na\u0161a rakija sa lavandom spaja ovu bogatu tradiciju sa jedinstvenim mirisima i blagodetima prirode. Proizvedena od pa\u017eljivo biranih plodova i oboga\u0107ena cvetovima najfinije sorte lavande, ona pru\u017ea savr\u0161en balans izme\u0111u prepoznatljive arome rakije i umiruju\u0107ih cvetnih tonova. Svaka kap ove rakije odi\u0161e skladom prirodnih ukusa i mirisa, nude\u0107i nezaboravno iskustvo.\u00a0 Prefinjena cvetna aroma koja \u0107e probuditi sva va\u0161a \u010dula.<\/p>\n<p>Ova <strong data-start=\"953\" data-end=\"995\">aromatizovana vo\u0107na rakija sa lavandom<\/strong> idealna je kao aperitiv, digestiv ili originalan poklon. Savr\u0161eno se uklapa uz tradicionalna i moderna jela, kao i u kreativne koktele. Namenjena je svim ljubiteljima autenti\u010dnih, prirodnih i doma\u0107ih proizvoda iz Srbije.<\/p>\n<p data-start=\"1218\" data-end=\"1365\"><strong data-start=\"1218\" data-end=\"1250\">Rakija sa lavandom iz Vojvodine<\/strong> predstavlja savr\u0161en spoj tradicije, prirode i savremenog u\u017eivanja \u2013 pi\u0107e koje budi \u010dula i stvara posebne trenutke.<\/p>\n<p data-start=\"1218\" data-end=\"1365\">Pogledaj na\u0161 izbor poklon pakete sa rakijom od lavande: <a href=\"https:\/\/purplessence.net\/?product_cat=poklon-paketi-inspirisani-prirodom\">Poklon paketi &#8211; PurplEssence<\/a><\/p>\n<p><em>Doma\u0107i proizvo\u0111a\u010d prirodnih proizvoda PurplEssence iz Zrenjanina &#8211; <a href=\"https:\/\/purplessence.net\/?p=1564\">Pri\u010da o Nama<\/a><\/em><\/p>\n<p><i>Kako se pravi rakija: <a href=\"https:\/\/home.binwise.com\/blog\/how-is-brandy-made\">https:\/\/home.binwise.com\/blog\/how-is-brandy-made<\/a><\/i><\/p>\n","protected":false},"excerpt":{"rendered":"<p>Prirodna doma\u0107a rakija sa lavandom iz Srbije. Aromatizovana sve\u017eim cvetovima lavande. Autenti\u010dan ukus i premium kvalitet.<\/p>\n","protected":false},"featured_media":1712,"comment_status":"open","ping_status":"closed","template":"","meta":[],"product_brand":[],"product_cat":[34],"product_tag":[],"class_list":{"0":"post-1711","1":"product","2":"type-product","3":"status-publish","4":"has-post-thumbnail","6":"product_cat-hrana-i-pice-sa-lavandom","8":"first","9":"instock","10":"purchasable","11":"product-type-simple"},"yoast_head":"<!-- This site is optimized with the Yoast SEO plugin v27.4 - https:\/\/yoast.com\/product\/yoast-seo-wordpress\/ -->\n<title>Doma\u0107a rakija sa lavandom 187ml - Purplessence - Essence of Nature<\/title>\n<meta name=\"description\" content=\"Rakija sa lavandom je tradicionalna doma\u0107a vo\u0107na rakija iz Srbije, oboga\u0107ena sve\u017eim cvetovima lavande napravljena sa ekolo\u0161ke planta\u017ee iz srca Vojvodine.\" \/>\n<meta name=\"robots\" content=\"index, follow, max-snippet:-1, max-image-preview:large, max-video-preview:-1\" \/>\n<link rel=\"canonical\" href=\"https:\/\/purplessence.net\/?product=domaca-rakija-sa-lavandom-187ml\" \/>\n<meta property=\"og:locale\" content=\"sr_RS\" \/>\n<meta property=\"og:type\" content=\"article\" \/>\n<meta property=\"og:title\" content=\"Doma\u0107a rakija sa lavandom 187ml - Purplessence - Essence of Nature\" \/>\n<meta property=\"og:description\" content=\"Rakija sa lavandom je tradicionalna doma\u0107a vo\u0107na rakija iz Srbije, oboga\u0107ena sve\u017eim cvetovima lavande napravljena sa ekolo\u0161ke planta\u017ee iz srca Vojvodine.\" \/>\n<meta property=\"og:url\" content=\"https:\/\/purplessence.net\/?product=domaca-rakija-sa-lavandom-187ml\" \/>\n<meta property=\"og:site_name\" content=\"Purplessence - Essence of Nature\" \/>\n<meta property=\"article:publisher\" content=\"https:\/\/www.facebook.com\/p\/Rasadnik-Lavande-Janoev-100085606671590\/\" \/>\n<meta property=\"article:modified_time\" content=\"2026-01-10T13:51:08+00:00\" \/>\n<meta property=\"og:image\" content=\"https:\/\/purplessence.net\/wp-content\/uploads\/2026\/01\/domaca-rakija-lavanda-purplessence.png\" \/>\n\t<meta property=\"og:image:width\" content=\"1500\" \/>\n\t<meta property=\"og:image:height\" content=\"2000\" \/>\n\t<meta property=\"og:image:type\" content=\"image\/png\" \/>\n<meta name=\"twitter:card\" content=\"summary_large_image\" \/>\n<meta name=\"twitter:label1\" content=\"\u041f\u0440\u043e\u0446\u0435\u045a\u0435\u043d\u043e \u0432\u0440\u0435\u043c\u0435 \u0447\u0438\u0442\u0430\u045a\u0430\" \/>\n\t<meta name=\"twitter:data1\" content=\"2 \u043c\u0438\u043d\u0443\u0442\u0430\" \/>\n<script type=\"application\/ld+json\" class=\"yoast-schema-graph\">{\"@context\":\"https:\\\/\\\/schema.org\",\"@graph\":[{\"@type\":\"WebPage\",\"@id\":\"https:\\\/\\\/purplessence.net\\\/?product=domaca-rakija-sa-lavandom-187ml\",\"url\":\"https:\\\/\\\/purplessence.net\\\/?product=domaca-rakija-sa-lavandom-187ml\",\"name\":\"Doma\u0107a rakija sa lavandom 187ml - Purplessence - Essence of Nature\",\"isPartOf\":{\"@id\":\"https:\\\/\\\/purplessence.net\\\/#website\"},\"primaryImageOfPage\":{\"@id\":\"https:\\\/\\\/purplessence.net\\\/?product=domaca-rakija-sa-lavandom-187ml#primaryimage\"},\"image\":{\"@id\":\"https:\\\/\\\/purplessence.net\\\/?product=domaca-rakija-sa-lavandom-187ml#primaryimage\"},\"thumbnailUrl\":\"https:\\\/\\\/purplessence.net\\\/wp-content\\\/uploads\\\/2026\\\/01\\\/domaca-rakija-lavanda-purplessence.png\",\"datePublished\":\"2026-01-10T13:44:06+00:00\",\"dateModified\":\"2026-01-10T13:51:08+00:00\",\"description\":\"Rakija sa lavandom je tradicionalna doma\u0107a vo\u0107na rakija iz Srbije, oboga\u0107ena sve\u017eim cvetovima lavande napravljena sa ekolo\u0161ke planta\u017ee iz srca Vojvodine.\",\"breadcrumb\":{\"@id\":\"https:\\\/\\\/purplessence.net\\\/?product=domaca-rakija-sa-lavandom-187ml#breadcrumb\"},\"inLanguage\":\"sr-RS\",\"potentialAction\":[{\"@type\":\"ReadAction\",\"target\":[\"https:\\\/\\\/purplessence.net\\\/?product=domaca-rakija-sa-lavandom-187ml\"]}]},{\"@type\":\"ImageObject\",\"inLanguage\":\"sr-RS\",\"@id\":\"https:\\\/\\\/purplessence.net\\\/?product=domaca-rakija-sa-lavandom-187ml#primaryimage\",\"url\":\"https:\\\/\\\/purplessence.net\\\/wp-content\\\/uploads\\\/2026\\\/01\\\/domaca-rakija-lavanda-purplessence.png\",\"contentUrl\":\"https:\\\/\\\/purplessence.net\\\/wp-content\\\/uploads\\\/2026\\\/01\\\/domaca-rakija-lavanda-purplessence.png\",\"width\":1500,\"height\":2000,\"caption\":\"Rakija sa lavandom | Doma\u0107a vo\u0107na rakija iz Srbije\"},{\"@type\":\"BreadcrumbList\",\"@id\":\"https:\\\/\\\/purplessence.net\\\/?product=domaca-rakija-sa-lavandom-187ml#breadcrumb\",\"itemListElement\":[{\"@type\":\"ListItem\",\"position\":1,\"name\":\"Home\",\"item\":\"https:\\\/\\\/purplessence.net\\\/\"},{\"@type\":\"ListItem\",\"position\":2,\"name\":\"Shop\",\"item\":\"https:\\\/\\\/purplessence.net\\\/?page_id=396\"},{\"@type\":\"ListItem\",\"position\":3,\"name\":\"Doma\u0107a rakija sa lavandom 187ml\"}]},{\"@type\":\"WebSite\",\"@id\":\"https:\\\/\\\/purplessence.net\\\/#website\",\"url\":\"https:\\\/\\\/purplessence.net\\\/\",\"name\":\"Purplessence.net\",\"description\":\"Natural Lavender Products - Essence of Nature\",\"publisher\":{\"@id\":\"https:\\\/\\\/purplessence.net\\\/#organization\"},\"alternateName\":\"Natural Lavender Products - Essence of Nature\",\"potentialAction\":[{\"@type\":\"SearchAction\",\"target\":{\"@type\":\"EntryPoint\",\"urlTemplate\":\"https:\\\/\\\/purplessence.net\\\/?s={search_term_string}\"},\"query-input\":{\"@type\":\"PropertyValueSpecification\",\"valueRequired\":true,\"valueName\":\"search_term_string\"}}],\"inLanguage\":\"sr-RS\"},{\"@type\":\"Organization\",\"@id\":\"https:\\\/\\\/purplessence.net\\\/#organization\",\"name\":\"PurplEssence Zrenjanin\",\"alternateName\":\"Essence of Nature\",\"url\":\"https:\\\/\\\/purplessence.net\\\/\",\"logo\":{\"@type\":\"ImageObject\",\"inLanguage\":\"sr-RS\",\"@id\":\"https:\\\/\\\/purplessence.net\\\/#\\\/schema\\\/logo\\\/image\\\/\",\"url\":\"https:\\\/\\\/purplessence.net\\\/wp-content\\\/uploads\\\/2025\\\/01\\\/cropped-cropped-logo-purplessence_lavanda.png\",\"contentUrl\":\"https:\\\/\\\/purplessence.net\\\/wp-content\\\/uploads\\\/2025\\\/01\\\/cropped-cropped-logo-purplessence_lavanda.png\",\"width\":512,\"height\":512,\"caption\":\"PurplEssence Zrenjanin\"},\"image\":{\"@id\":\"https:\\\/\\\/purplessence.net\\\/#\\\/schema\\\/logo\\\/image\\\/\"},\"sameAs\":[\"https:\\\/\\\/www.facebook.com\\\/p\\\/Rasadnik-Lavande-Janoev-100085606671590\\\/\"]}]}<\/script>\n<!-- \/ Yoast SEO plugin. -->","yoast_head_json":{"title":"Doma\u0107a rakija sa lavandom 187ml - Purplessence - Essence of Nature","description":"Rakija sa lavandom je tradicionalna doma\u0107a vo\u0107na rakija iz Srbije, oboga\u0107ena sve\u017eim cvetovima lavande napravljena sa ekolo\u0161ke planta\u017ee iz srca Vojvodine.","robots":{"index":"index","follow":"follow","max-snippet":"max-snippet:-1","max-image-preview":"max-image-preview:large","max-video-preview":"max-video-preview:-1"},"canonical":"https:\/\/purplessence.net\/?product=domaca-rakija-sa-lavandom-187ml","og_locale":"sr_RS","og_type":"article","og_title":"Doma\u0107a rakija sa lavandom 187ml - Purplessence - Essence of Nature","og_description":"Rakija sa lavandom je tradicionalna doma\u0107a vo\u0107na rakija iz Srbije, oboga\u0107ena sve\u017eim cvetovima lavande napravljena sa ekolo\u0161ke planta\u017ee iz srca Vojvodine.","og_url":"https:\/\/purplessence.net\/?product=domaca-rakija-sa-lavandom-187ml","og_site_name":"Purplessence - Essence of Nature","article_publisher":"https:\/\/www.facebook.com\/p\/Rasadnik-Lavande-Janoev-100085606671590\/","article_modified_time":"2026-01-10T13:51:08+00:00","og_image":[{"width":1500,"height":2000,"url":"https:\/\/purplessence.net\/wp-content\/uploads\/2026\/01\/domaca-rakija-lavanda-purplessence.png","type":"image\/png"}],"twitter_card":"summary_large_image","twitter_misc":{"\u041f\u0440\u043e\u0446\u0435\u045a\u0435\u043d\u043e \u0432\u0440\u0435\u043c\u0435 \u0447\u0438\u0442\u0430\u045a\u0430":"2 \u043c\u0438\u043d\u0443\u0442\u0430"},"schema":{"@context":"https:\/\/schema.org","@graph":[{"@type":"WebPage","@id":"https:\/\/purplessence.net\/?product=domaca-rakija-sa-lavandom-187ml","url":"https:\/\/purplessence.net\/?product=domaca-rakija-sa-lavandom-187ml","name":"Doma\u0107a rakija sa lavandom 187ml - Purplessence - Essence of Nature","isPartOf":{"@id":"https:\/\/purplessence.net\/#website"},"primaryImageOfPage":{"@id":"https:\/\/purplessence.net\/?product=domaca-rakija-sa-lavandom-187ml#primaryimage"},"image":{"@id":"https:\/\/purplessence.net\/?product=domaca-rakija-sa-lavandom-187ml#primaryimage"},"thumbnailUrl":"https:\/\/purplessence.net\/wp-content\/uploads\/2026\/01\/domaca-rakija-lavanda-purplessence.png","datePublished":"2026-01-10T13:44:06+00:00","dateModified":"2026-01-10T13:51:08+00:00","description":"Rakija sa lavandom je tradicionalna doma\u0107a vo\u0107na rakija iz Srbije, oboga\u0107ena sve\u017eim cvetovima lavande napravljena sa ekolo\u0161ke planta\u017ee iz srca Vojvodine.","breadcrumb":{"@id":"https:\/\/purplessence.net\/?product=domaca-rakija-sa-lavandom-187ml#breadcrumb"},"inLanguage":"sr-RS","potentialAction":[{"@type":"ReadAction","target":["https:\/\/purplessence.net\/?product=domaca-rakija-sa-lavandom-187ml"]}]},{"@type":"ImageObject","inLanguage":"sr-RS","@id":"https:\/\/purplessence.net\/?product=domaca-rakija-sa-lavandom-187ml#primaryimage","url":"https:\/\/purplessence.net\/wp-content\/uploads\/2026\/01\/domaca-rakija-lavanda-purplessence.png","contentUrl":"https:\/\/purplessence.net\/wp-content\/uploads\/2026\/01\/domaca-rakija-lavanda-purplessence.png","width":1500,"height":2000,"caption":"Rakija sa lavandom | Doma\u0107a vo\u0107na rakija iz Srbije"},{"@type":"BreadcrumbList","@id":"https:\/\/purplessence.net\/?product=domaca-rakija-sa-lavandom-187ml#breadcrumb","itemListElement":[{"@type":"ListItem","position":1,"name":"Home","item":"https:\/\/purplessence.net\/"},{"@type":"ListItem","position":2,"name":"Shop","item":"https:\/\/purplessence.net\/?page_id=396"},{"@type":"ListItem","position":3,"name":"Doma\u0107a rakija sa lavandom 187ml"}]},{"@type":"WebSite","@id":"https:\/\/purplessence.net\/#website","url":"https:\/\/purplessence.net\/","name":"Purplessence.net","description":"Natural Lavender Products - Essence of Nature","publisher":{"@id":"https:\/\/purplessence.net\/#organization"},"alternateName":"Natural Lavender Products - Essence of Nature","potentialAction":[{"@type":"SearchAction","target":{"@type":"EntryPoint","urlTemplate":"https:\/\/purplessence.net\/?s={search_term_string}"},"query-input":{"@type":"PropertyValueSpecification","valueRequired":true,"valueName":"search_term_string"}}],"inLanguage":"sr-RS"},{"@type":"Organization","@id":"https:\/\/purplessence.net\/#organization","name":"PurplEssence Zrenjanin","alternateName":"Essence of Nature","url":"https:\/\/purplessence.net\/","logo":{"@type":"ImageObject","inLanguage":"sr-RS","@id":"https:\/\/purplessence.net\/#\/schema\/logo\/image\/","url":"https:\/\/purplessence.net\/wp-content\/uploads\/2025\/01\/cropped-cropped-logo-purplessence_lavanda.png","contentUrl":"https:\/\/purplessence.net\/wp-content\/uploads\/2025\/01\/cropped-cropped-logo-purplessence_lavanda.png","width":512,"height":512,"caption":"PurplEssence Zrenjanin"},"image":{"@id":"https:\/\/purplessence.net\/#\/schema\/logo\/image\/"},"sameAs":["https:\/\/www.facebook.com\/p\/Rasadnik-Lavande-Janoev-100085606671590\/"]}]}},"jetpack_sharing_enabled":true,"_links":{"self":[{"href":"https:\/\/purplessence.net\/index.php?rest_route=\/wp\/v2\/product\/1711","targetHints":{"allow":["GET"]}}],"collection":[{"href":"https:\/\/purplessence.net\/index.php?rest_route=\/wp\/v2\/product"}],"about":[{"href":"https:\/\/purplessence.net\/index.php?rest_route=\/wp\/v2\/types\/product"}],"replies":[{"embeddable":true,"href":"https:\/\/purplessence.net\/index.php?rest_route=%2Fwp%2Fv2%2Fcomments&post=1711"}],"wp:featuredmedia":[{"embeddable":true,"href":"https:\/\/purplessence.net\/index.php?rest_route=\/wp\/v2\/media\/1712"}],"wp:attachment":[{"href":"https:\/\/purplessence.net\/index.php?rest_route=%2Fwp%2Fv2%2Fmedia&parent=1711"}],"wp:term":[{"taxonomy":"product_brand","embeddable":true,"href":"https:\/\/purplessence.net\/index.php?rest_route=%2Fwp%2Fv2%2Fproduct_brand&post=1711"},{"taxonomy":"product_cat","embeddable":true,"href":"https:\/\/purplessence.net\/index.php?rest_route=%2Fwp%2Fv2%2Fproduct_cat&post=1711"},{"taxonomy":"product_tag","embeddable":true,"href":"https:\/\/purplessence.net\/index.php?rest_route=%2Fwp%2Fv2%2Fproduct_tag&post=1711"}],"curies":[{"name":"wp","href":"https:\/\/api.w.org\/{rel}","templated":true}]}}