{"id":748,"date":"2025-02-01T15:40:19","date_gmt":"2025-02-01T14:40:19","guid":{"rendered":"https:\/\/purplessence.net\/?post_type=product&#038;p=748"},"modified":"2026-01-08T14:06:32","modified_gmt":"2026-01-08T13:06:32","slug":"suvi-cvet-lavande-sorte-lavandula-vera","status":"publish","type":"product","link":"https:\/\/purplessence.net\/?product=suvi-cvet-lavande-sorte-lavandula-vera","title":{"rendered":"Suvi cvet Lavande &#8211; kesica 10 g"},"content":{"rendered":"<p data-start=\"240\" data-end=\"497\"><strong data-start=\"240\" data-end=\"289\">Suvi cvet lavande Lavandula Vera Angustifolia<\/strong> predstavlja vrhunsku sirovinu, ru\u010dno ubranu na na\u0161oj planta\u017ei i su\u0161enu na tradicionalan na\u010din. Pa\u017eljivim procesom su\u0161enja o\u010duvani su prirodna boja, intenzivna aroma i dragocena svojstva ove plemenite biljke.<\/p>\n<p data-start=\"499\" data-end=\"713\">Lavanda se vekovima koristi zbog svojih umiruju\u0107ih, aromati\u010dnih i vi\u0161enamenskih osobina. Upravo zato je suvi cvet lavande idealan izbor za svakodnevnu upotrebu, ali i za wellness, gastronomiju i prirodnu negu doma.<\/p>\n<h3 data-start=\"720\" data-end=\"758\">Prirodni kvalitet bez kompromisa<\/h3>\n<p data-start=\"760\" data-end=\"936\">Na\u0161 suvi cvet lavande je 100% prirodan proizvod, bez dodataka, boja i konzervansa. Svaki cvet je pa\u017eljivo odabran kako bi pru\u017eio maksimalnu aromu i autenti\u010dno iskustvo prirode.<\/p>\n<p data-start=\"938\" data-end=\"1103\">Zahvaljuju\u0107i vrhunskoj sorti Lavandula Vera Angustifolia, cvet ima prepoznatljiv, blag i elegantan miris, koji nije previ\u0161e intenzivan, ali je dugotrajan i prijatan.<\/p>\n<p data-start=\"938\" data-end=\"1103\"><strong data-start=\"1832\" data-end=\"1858\">Ru\u010dni rad i dekoracija<\/strong><br data-start=\"1858\" data-end=\"1861\" \/>Koristi se za izradu sve\u0107a, sapuna, mirisnih jastuka, dekoracija i poklon paketa.<\/p>\n<h3 data-start=\"1949\" data-end=\"1989\">Prirodni dar iz srca na\u0161e planta\u017ee<\/h3>\n<p data-start=\"1991\" data-end=\"2154\">Suvi cvet lavande donosi harmoniju prirode u svakodnevni \u017eivot. Njegova svestranost, miris i estetska vrednost \u010dine ga nezaobilaznim proizvodom za dom, telo i duh.<\/p>\n<h3 data-start=\"2161\" data-end=\"2180\">Na\u010din \u010duvanja<\/h3>\n<p data-start=\"2182\" data-end=\"2300\">\u010cuvati na suvom i tamnom mestu, za\u0161ti\u0107eno od vlage i direktne sun\u010deve svetlosti, kako bi se sa\u010duvala aroma i kvalitet.<\/p>\n<p>Pogledajte i <a href=\"https:\/\/purplessence.net\/?product_cat=etericno-ulje-i-hidrolat-lavanda\">eteri\u010dno ulje od lavande i hidrolat<\/a> iz na\u0161eg asortimana proizvoda.<\/p>\n<p>Predlozi za \u0161ta sve mo\u017ee da se koristi suva lavanda: <a href=\"https:\/\/www.pureandsimplenourishment.com\/what-to-do-with-dried-lavender\/\">https:\/\/www.pureandsimplenourishment.com\/what-to-do-with-dried-lavender\/\u00a0<\/a><\/p>\n<p><strong>Vi\u0161e o tome kako da negujete va\u0161u lavandu, saznajte na:\u00a0<\/strong><\/p>\n<h5 class=\"elementor-heading-title elementor-size-default\">Vodi\u010d za uzgoj lavande u ba\u0161ti i saksiji: <a href=\"https:\/\/www.poljosfera.rs\/lekovito-i-zacinsko-bilje\/vodic-za-uzgoj-lavande-u-basti-i-saksiji\/\"><strong>https:\/\/www.poljosfera.rs\/lekovito-i-zacinsko-bilje\/vodic-za-uzgoj-lavande-u-basti-i-saksiji\/<\/strong><\/a><\/h5>\n<p><a href=\"https:\/\/www.waysidegardens.com\/blogs\/plant-care\/lavender-care-guide?_ab=0&amp;_fd=0&amp;_sc=1&amp;srsltid=AfmBOoqAzklB_ty7rQ38j2AZQz_l0uGw54ELRRaIA_2x-UrnACCxQRet\">https:\/\/www.waysidegardens.com\/blogs\/plant-care\/lavender-care-guide<\/a><\/p>\n","protected":false},"excerpt":{"rendered":"<p>Suvi cvet lavande sorte Lavandula Vera Angustifolia, ru\u010dno bran i su\u0161en tradicionalnim, prirodnim metodama.<\/p>\n","protected":false},"featured_media":749,"comment_status":"open","ping_status":"closed","template":"","meta":[],"product_brand":[],"product_cat":[92],"product_tag":[250,91,201,249,251,104,100],"class_list":{"0":"post-748","1":"product","2":"type-product","3":"status-publish","4":"has-post-thumbnail","6":"product_cat-biljka-lavanda","7":"product_tag-caj-od-lavande","8":"product_tag-cvet-lavande","9":"product_tag-lavanda-protiv-komaraca","10":"product_tag-lavanda-za-moljce","11":"product_tag-lavanda-zrenjanin","12":"product_tag-suva-lavanda","13":"product_tag-suvi-cvet-lavande","15":"first","16":"instock","17":"purchasable","18":"product-type-simple"},"yoast_head":"<!-- This site is optimized with the Yoast SEO plugin v27.4 - https:\/\/yoast.com\/product\/yoast-seo-wordpress\/ -->\n<title>Suvi cvet Lavande - kesica 10 g - Purplessence - Essence of Nature<\/title>\n<meta name=\"description\" content=\"Suvi cvet lavande sorte Lavandula Vera Angustifolia, ru\u010dno ubran i su\u0161en tradicionalnim, prirodnim metodama. Pogodan za ormare, dekoracije i kao za\u010din.\" \/>\n<meta name=\"robots\" content=\"index, follow, max-snippet:-1, max-image-preview:large, max-video-preview:-1\" \/>\n<link rel=\"canonical\" href=\"https:\/\/purplessence.net\/?product=suvi-cvet-lavande-sorte-lavandula-vera\" \/>\n<meta property=\"og:locale\" content=\"sr_RS\" \/>\n<meta property=\"og:type\" content=\"article\" \/>\n<meta property=\"og:title\" content=\"Suvi cvet Lavande - kesica 10 g - Purplessence - Essence of Nature\" \/>\n<meta property=\"og:description\" content=\"Suvi cvet lavande sorte Lavandula Vera Angustifolia, ru\u010dno ubran i su\u0161en tradicionalnim, prirodnim metodama. Pogodan za ormare, dekoracije i kao za\u010din.\" \/>\n<meta property=\"og:url\" content=\"https:\/\/purplessence.net\/?product=suvi-cvet-lavande-sorte-lavandula-vera\" \/>\n<meta property=\"og:site_name\" content=\"Purplessence - Essence of Nature\" \/>\n<meta property=\"article:publisher\" content=\"https:\/\/www.facebook.com\/p\/Rasadnik-Lavande-Janoev-100085606671590\/\" \/>\n<meta property=\"article:modified_time\" content=\"2026-01-08T13:06:32+00:00\" \/>\n<meta property=\"og:image\" content=\"https:\/\/purplessence.net\/wp-content\/uploads\/2025\/02\/suvi-cvet-lavanda-purplessence-768x1024.png\" \/>\n\t<meta property=\"og:image:width\" content=\"768\" \/>\n\t<meta property=\"og:image:height\" content=\"1024\" \/>\n\t<meta property=\"og:image:type\" content=\"image\/png\" \/>\n<meta name=\"twitter:card\" content=\"summary_large_image\" \/>\n<meta name=\"twitter:label1\" content=\"\u041f\u0440\u043e\u0446\u0435\u045a\u0435\u043d\u043e \u0432\u0440\u0435\u043c\u0435 \u0447\u0438\u0442\u0430\u045a\u0430\" \/>\n\t<meta name=\"twitter:data1\" content=\"2 \u043c\u0438\u043d\u0443\u0442\u0430\" \/>\n<script type=\"application\/ld+json\" class=\"yoast-schema-graph\">{\"@context\":\"https:\\\/\\\/schema.org\",\"@graph\":[{\"@type\":\"WebPage\",\"@id\":\"https:\\\/\\\/purplessence.net\\\/?product=suvi-cvet-lavande-sorte-lavandula-vera\",\"url\":\"https:\\\/\\\/purplessence.net\\\/?product=suvi-cvet-lavande-sorte-lavandula-vera\",\"name\":\"Suvi cvet Lavande - kesica 10 g - Purplessence - Essence of Nature\",\"isPartOf\":{\"@id\":\"https:\\\/\\\/purplessence.net\\\/#website\"},\"primaryImageOfPage\":{\"@id\":\"https:\\\/\\\/purplessence.net\\\/?product=suvi-cvet-lavande-sorte-lavandula-vera#primaryimage\"},\"image\":{\"@id\":\"https:\\\/\\\/purplessence.net\\\/?product=suvi-cvet-lavande-sorte-lavandula-vera#primaryimage\"},\"thumbnailUrl\":\"https:\\\/\\\/purplessence.net\\\/wp-content\\\/uploads\\\/2025\\\/02\\\/suvi-cvet-lavanda-purplessence.png\",\"datePublished\":\"2025-02-01T14:40:19+00:00\",\"dateModified\":\"2026-01-08T13:06:32+00:00\",\"description\":\"Suvi cvet lavande sorte Lavandula Vera Angustifolia, ru\u010dno ubran i su\u0161en tradicionalnim, prirodnim metodama. Pogodan za ormare, dekoracije i kao za\u010din.\",\"breadcrumb\":{\"@id\":\"https:\\\/\\\/purplessence.net\\\/?product=suvi-cvet-lavande-sorte-lavandula-vera#breadcrumb\"},\"inLanguage\":\"sr-RS\",\"potentialAction\":[{\"@type\":\"ReadAction\",\"target\":[\"https:\\\/\\\/purplessence.net\\\/?product=suvi-cvet-lavande-sorte-lavandula-vera\"]}]},{\"@type\":\"ImageObject\",\"inLanguage\":\"sr-RS\",\"@id\":\"https:\\\/\\\/purplessence.net\\\/?product=suvi-cvet-lavande-sorte-lavandula-vera#primaryimage\",\"url\":\"https:\\\/\\\/purplessence.net\\\/wp-content\\\/uploads\\\/2025\\\/02\\\/suvi-cvet-lavanda-purplessence.png\",\"contentUrl\":\"https:\\\/\\\/purplessence.net\\\/wp-content\\\/uploads\\\/2025\\\/02\\\/suvi-cvet-lavanda-purplessence.png\",\"width\":1500,\"height\":2000,\"caption\":\"su\u0161eni cvet lavande u kesicama\"},{\"@type\":\"BreadcrumbList\",\"@id\":\"https:\\\/\\\/purplessence.net\\\/?product=suvi-cvet-lavande-sorte-lavandula-vera#breadcrumb\",\"itemListElement\":[{\"@type\":\"ListItem\",\"position\":1,\"name\":\"Home\",\"item\":\"https:\\\/\\\/purplessence.net\\\/\"},{\"@type\":\"ListItem\",\"position\":2,\"name\":\"Shop\",\"item\":\"https:\\\/\\\/purplessence.net\\\/?page_id=396\"},{\"@type\":\"ListItem\",\"position\":3,\"name\":\"Suvi cvet Lavande &#8211; kesica 10 g\"}]},{\"@type\":\"WebSite\",\"@id\":\"https:\\\/\\\/purplessence.net\\\/#website\",\"url\":\"https:\\\/\\\/purplessence.net\\\/\",\"name\":\"Purplessence.net\",\"description\":\"Natural Lavender Products - Essence of Nature\",\"publisher\":{\"@id\":\"https:\\\/\\\/purplessence.net\\\/#organization\"},\"alternateName\":\"Natural Lavender Products - Essence of Nature\",\"potentialAction\":[{\"@type\":\"SearchAction\",\"target\":{\"@type\":\"EntryPoint\",\"urlTemplate\":\"https:\\\/\\\/purplessence.net\\\/?s={search_term_string}\"},\"query-input\":{\"@type\":\"PropertyValueSpecification\",\"valueRequired\":true,\"valueName\":\"search_term_string\"}}],\"inLanguage\":\"sr-RS\"},{\"@type\":\"Organization\",\"@id\":\"https:\\\/\\\/purplessence.net\\\/#organization\",\"name\":\"PurplEssence Zrenjanin\",\"alternateName\":\"Essence of Nature\",\"url\":\"https:\\\/\\\/purplessence.net\\\/\",\"logo\":{\"@type\":\"ImageObject\",\"inLanguage\":\"sr-RS\",\"@id\":\"https:\\\/\\\/purplessence.net\\\/#\\\/schema\\\/logo\\\/image\\\/\",\"url\":\"https:\\\/\\\/purplessence.net\\\/wp-content\\\/uploads\\\/2025\\\/01\\\/cropped-cropped-logo-purplessence_lavanda.png\",\"contentUrl\":\"https:\\\/\\\/purplessence.net\\\/wp-content\\\/uploads\\\/2025\\\/01\\\/cropped-cropped-logo-purplessence_lavanda.png\",\"width\":512,\"height\":512,\"caption\":\"PurplEssence Zrenjanin\"},\"image\":{\"@id\":\"https:\\\/\\\/purplessence.net\\\/#\\\/schema\\\/logo\\\/image\\\/\"},\"sameAs\":[\"https:\\\/\\\/www.facebook.com\\\/p\\\/Rasadnik-Lavande-Janoev-100085606671590\\\/\"]}]}<\/script>\n<!-- \/ Yoast SEO plugin. -->","yoast_head_json":{"title":"Suvi cvet Lavande - kesica 10 g - Purplessence - Essence of Nature","description":"Suvi cvet lavande sorte Lavandula Vera Angustifolia, ru\u010dno ubran i su\u0161en tradicionalnim, prirodnim metodama. Pogodan za ormare, dekoracije i kao za\u010din.","robots":{"index":"index","follow":"follow","max-snippet":"max-snippet:-1","max-image-preview":"max-image-preview:large","max-video-preview":"max-video-preview:-1"},"canonical":"https:\/\/purplessence.net\/?product=suvi-cvet-lavande-sorte-lavandula-vera","og_locale":"sr_RS","og_type":"article","og_title":"Suvi cvet Lavande - kesica 10 g - Purplessence - Essence of Nature","og_description":"Suvi cvet lavande sorte Lavandula Vera Angustifolia, ru\u010dno ubran i su\u0161en tradicionalnim, prirodnim metodama. Pogodan za ormare, dekoracije i kao za\u010din.","og_url":"https:\/\/purplessence.net\/?product=suvi-cvet-lavande-sorte-lavandula-vera","og_site_name":"Purplessence - Essence of Nature","article_publisher":"https:\/\/www.facebook.com\/p\/Rasadnik-Lavande-Janoev-100085606671590\/","article_modified_time":"2026-01-08T13:06:32+00:00","og_image":[{"width":768,"height":1024,"url":"https:\/\/purplessence.net\/wp-content\/uploads\/2025\/02\/suvi-cvet-lavanda-purplessence-768x1024.png","type":"image\/png"}],"twitter_card":"summary_large_image","twitter_misc":{"\u041f\u0440\u043e\u0446\u0435\u045a\u0435\u043d\u043e \u0432\u0440\u0435\u043c\u0435 \u0447\u0438\u0442\u0430\u045a\u0430":"2 \u043c\u0438\u043d\u0443\u0442\u0430"},"schema":{"@context":"https:\/\/schema.org","@graph":[{"@type":"WebPage","@id":"https:\/\/purplessence.net\/?product=suvi-cvet-lavande-sorte-lavandula-vera","url":"https:\/\/purplessence.net\/?product=suvi-cvet-lavande-sorte-lavandula-vera","name":"Suvi cvet Lavande - kesica 10 g - Purplessence - Essence of Nature","isPartOf":{"@id":"https:\/\/purplessence.net\/#website"},"primaryImageOfPage":{"@id":"https:\/\/purplessence.net\/?product=suvi-cvet-lavande-sorte-lavandula-vera#primaryimage"},"image":{"@id":"https:\/\/purplessence.net\/?product=suvi-cvet-lavande-sorte-lavandula-vera#primaryimage"},"thumbnailUrl":"https:\/\/purplessence.net\/wp-content\/uploads\/2025\/02\/suvi-cvet-lavanda-purplessence.png","datePublished":"2025-02-01T14:40:19+00:00","dateModified":"2026-01-08T13:06:32+00:00","description":"Suvi cvet lavande sorte Lavandula Vera Angustifolia, ru\u010dno ubran i su\u0161en tradicionalnim, prirodnim metodama. Pogodan za ormare, dekoracije i kao za\u010din.","breadcrumb":{"@id":"https:\/\/purplessence.net\/?product=suvi-cvet-lavande-sorte-lavandula-vera#breadcrumb"},"inLanguage":"sr-RS","potentialAction":[{"@type":"ReadAction","target":["https:\/\/purplessence.net\/?product=suvi-cvet-lavande-sorte-lavandula-vera"]}]},{"@type":"ImageObject","inLanguage":"sr-RS","@id":"https:\/\/purplessence.net\/?product=suvi-cvet-lavande-sorte-lavandula-vera#primaryimage","url":"https:\/\/purplessence.net\/wp-content\/uploads\/2025\/02\/suvi-cvet-lavanda-purplessence.png","contentUrl":"https:\/\/purplessence.net\/wp-content\/uploads\/2025\/02\/suvi-cvet-lavanda-purplessence.png","width":1500,"height":2000,"caption":"su\u0161eni cvet lavande u kesicama"},{"@type":"BreadcrumbList","@id":"https:\/\/purplessence.net\/?product=suvi-cvet-lavande-sorte-lavandula-vera#breadcrumb","itemListElement":[{"@type":"ListItem","position":1,"name":"Home","item":"https:\/\/purplessence.net\/"},{"@type":"ListItem","position":2,"name":"Shop","item":"https:\/\/purplessence.net\/?page_id=396"},{"@type":"ListItem","position":3,"name":"Suvi cvet Lavande &#8211; kesica 10 g"}]},{"@type":"WebSite","@id":"https:\/\/purplessence.net\/#website","url":"https:\/\/purplessence.net\/","name":"Purplessence.net","description":"Natural Lavender Products - Essence of Nature","publisher":{"@id":"https:\/\/purplessence.net\/#organization"},"alternateName":"Natural Lavender Products - Essence of Nature","potentialAction":[{"@type":"SearchAction","target":{"@type":"EntryPoint","urlTemplate":"https:\/\/purplessence.net\/?s={search_term_string}"},"query-input":{"@type":"PropertyValueSpecification","valueRequired":true,"valueName":"search_term_string"}}],"inLanguage":"sr-RS"},{"@type":"Organization","@id":"https:\/\/purplessence.net\/#organization","name":"PurplEssence Zrenjanin","alternateName":"Essence of Nature","url":"https:\/\/purplessence.net\/","logo":{"@type":"ImageObject","inLanguage":"sr-RS","@id":"https:\/\/purplessence.net\/#\/schema\/logo\/image\/","url":"https:\/\/purplessence.net\/wp-content\/uploads\/2025\/01\/cropped-cropped-logo-purplessence_lavanda.png","contentUrl":"https:\/\/purplessence.net\/wp-content\/uploads\/2025\/01\/cropped-cropped-logo-purplessence_lavanda.png","width":512,"height":512,"caption":"PurplEssence Zrenjanin"},"image":{"@id":"https:\/\/purplessence.net\/#\/schema\/logo\/image\/"},"sameAs":["https:\/\/www.facebook.com\/p\/Rasadnik-Lavande-Janoev-100085606671590\/"]}]}},"jetpack_sharing_enabled":true,"_links":{"self":[{"href":"https:\/\/purplessence.net\/index.php?rest_route=\/wp\/v2\/product\/748","targetHints":{"allow":["GET"]}}],"collection":[{"href":"https:\/\/purplessence.net\/index.php?rest_route=\/wp\/v2\/product"}],"about":[{"href":"https:\/\/purplessence.net\/index.php?rest_route=\/wp\/v2\/types\/product"}],"replies":[{"embeddable":true,"href":"https:\/\/purplessence.net\/index.php?rest_route=%2Fwp%2Fv2%2Fcomments&post=748"}],"wp:featuredmedia":[{"embeddable":true,"href":"https:\/\/purplessence.net\/index.php?rest_route=\/wp\/v2\/media\/749"}],"wp:attachment":[{"href":"https:\/\/purplessence.net\/index.php?rest_route=%2Fwp%2Fv2%2Fmedia&parent=748"}],"wp:term":[{"taxonomy":"product_brand","embeddable":true,"href":"https:\/\/purplessence.net\/index.php?rest_route=%2Fwp%2Fv2%2Fproduct_brand&post=748"},{"taxonomy":"product_cat","embeddable":true,"href":"https:\/\/purplessence.net\/index.php?rest_route=%2Fwp%2Fv2%2Fproduct_cat&post=748"},{"taxonomy":"product_tag","embeddable":true,"href":"https:\/\/purplessence.net\/index.php?rest_route=%2Fwp%2Fv2%2Fproduct_tag&post=748"}],"curies":[{"name":"wp","href":"https:\/\/api.w.org\/{rel}","templated":true}]}}