{"id":841,"date":"2025-02-08T17:18:42","date_gmt":"2025-02-08T16:18:42","guid":{"rendered":"https:\/\/purplessence.net\/?post_type=product&#038;p=841"},"modified":"2026-01-03T17:12:37","modified_gmt":"2026-01-03T16:12:37","slug":"esencija-cempresa-donosi-osecaj-smirenosti-i-prociscenja","status":"publish","type":"product","link":"https:\/\/purplessence.net\/?product=esencija-cempresa-donosi-osecaj-smirenosti-i-prociscenja","title":{"rendered":"Aroma za saune \u010cempres \u2013 Lavanda 1l"},"content":{"rendered":"<p>Visokokvalitetne arome za saune od 100% koncentrovanog eteri\u010dnog ulja lavande. Svi prelivi su na bazi eteri\u010dnog ulja lavande sa dodatkom drugih eteri\u010dnih ulja i prirodnih aroma.<\/p>\n<p>Esencija \u010dempresa donosi ose\u0107aj smirenosti i pro\u010di\u0161\u0107enja. Ovaj sve\u017e, drvenast miris podse\u0107a na \u0161etnju kroz zimzelene \u0161ume, poma\u017eu\u0107i umu da se oslobodi stresa i napetosti. \u010cempres je poznat po svojim blagim antisepti\u010dkim i pro\u010di\u0161\u0107avaju\u0107im svojstvima, \u0161to ga \u010dini idealnim za osve\u017eavanje prostora i disajnih puteva. U sauni ili parnom kupatilu, ova aroma podsti\u010de duboko disanje, opu\u0161tanje mi\u0161i\u0107a i vra\u0107anje unutra\u0161nje ravnote\u017ee.<\/p>\n<p>Na\u0161i prelivi su jedinstveni na tr\u017ei\u0161tu i mogu unaprediti kvalitet wellness tretmana, pobolj\u0161ati iskustvo gostiju i dodati jedinstvenu notu svakom spa programu.<\/p>\n<p>Sa polja lavande do va\u0161e saune \u2013 na\u0161i prelivi za saune poti\u010du direktno iz prirode. Sve po\u010dinje pa\u017eljivim uzgojem lavande bez hemikalija i pesticida, a zavr\u0161ava se u boci 100% \u010distog, prirodnog preliva. Kvalitet i sve\u017eina na prvom mestu!<\/p>\n<p>Umiruju\u0107e arome koje transformi\u0161u svaki wellness trenutak u iskustvo potpune relaksacije. Isprobajte na\u0161e prirodne prelive za saune i parna kupatila i dozvolite lavandi da postane va\u0161 pouzdan partner u wellness rutini.<\/p>\n<p>Aroma sve\u017eih cvetova Lavande gajene na planta\u017ei u Srbiji. Unesite miris Mediterana i duh Provanse u va\u0161u saunu uz prijatnu i opu\u0161taju\u0107u aromu koja budi sva \u010dula, donosi mir i harmoniju duha i tela.<\/p>\n<p>Sastav: 100% prirodno i koncentrovano eteri\u010dno ulje Lavande, sorte Lavandula Angustifolia i mirisno ulje vi\u0161nje. Bez dodatka boja i emulgatora.<\/p>\n<p>Na\u010din upotrebe: Razbla\u017eiti sa vodom u odnosu voda:preliv \u2013 10:1.<\/p>\n<p>Zemlja porekla: Srbija<\/p>\n<p>Neto: 1000 ml<\/p>\n<p><strong>FAQ \u2013 Arome za saune<\/strong><\/p>\n<ol>\n<li><strong> Kako se koriste arome za saunu?<\/strong><\/li>\n<\/ol>\n<p>Arome za saunu se razbla\u017euju u vodi pre upotrebe. Obi\u010dno se 1l arome razbla\u017ei sa 10 lit vode, a zatim se me\u0161avina lagano poliva po vrelom kamenju.<\/p>\n<ol start=\"2\">\n<li><strong> Da li su na\u0161e arome za saunu prirodne?<\/strong><\/li>\n<\/ol>\n<p>Da. Koristimo koncentrovana eteri\u010dna ulja i prirodne biljne arome bez sinteti\u010dkih dodataka.<\/p>\n<ol start=\"3\">\n<li><strong> Da li se arome za saune mogu staviti direktno na vrelo kamenje?<\/strong><\/li>\n<\/ol>\n<p>Ne. Arome se nikada ne stavljaju direktno na zagrejano kamenje jer mogu pregoreti i izazvati o\u0161tar miris i postoji opasnost od po\u017eara. Uvek se razbla\u017euju u vodi i tek onda prelivaju uz pomo\u0107 drvene kutla\u010de preko vulkanskog\u00a0 kamenja.<\/p>\n<ol start=\"4\">\n<li><strong> Da li su va\u0161e arome bezbedne za sve vrste sauna?<\/strong><\/li>\n<\/ol>\n<p>Da. Arome PurplEssence su pogodne za:<\/p>\n<ul>\n<li>finske saune<\/li>\n<li>bio-saune<\/li>\n<li>infracrvene saune (uz posudu sa vodom)<\/li>\n<li>ku\u0107ne i profesionalne wellness centre<\/li>\n<\/ul>\n<p>Formulisane su tako da ne o\u0161te\u0107uju kamenje, pe\u0107i niti drvo u saunama.<\/p>\n<ol start=\"5\">\n<li><strong> Da li su arome prirodne ili sinteti\u010dke?<\/strong><\/li>\n<\/ol>\n<p>Na\u0161e arome su zasnovane na <strong>prirodnim mirisnim komponentama i eteri\u010dnim uljima<\/strong>, bez te\u0161kih hemikalija i bez parabena. Namenjene su za profesionalnu upotrebu u wellness okru\u017eenju.<\/p>\n<ol start=\"6\">\n<li><strong> Koliko dugo traje miris u sauni?<\/strong><\/li>\n<\/ol>\n<p>Miris se osloba\u0111a odmah nakon polivanja i traje izme\u0111u 5 i 15 minuta, u zavisnosti od:<\/p>\n<ul>\n<li>ja\u010dine mirisa<\/li>\n<li>temperature<\/li>\n<li>ventilacije<\/li>\n<li>koli\u010dine vode koja se nanosi.<\/li>\n<\/ul>\n<ol start=\"7\">\n<li><strong> Da li se arome mogu me\u0161ati izme\u0111u sebe?<\/strong><\/li>\n<\/ol>\n<p>Da, ali samo one koje su kompatibilne. Odli\u010dne kombinacije su:<\/p>\n<ul>\n<li>kedar + bor (drvenasto-\u0161umska kombinacija)<\/li>\n<li>limun + grejpfrut (osve\u017eavaju\u0107i citrusni miks)<\/li>\n<li>vanila + \u010dokolada (relaks &amp; comfort)<\/li>\n<\/ul>\n<p>Preporu\u010dujemo probu u manjim koli\u010dinama.<\/p>\n<ol start=\"8\">\n<li><strong> Da li su arome pogodne za osobe sa osetljivim disajnim putevima?<\/strong><\/li>\n<\/ol>\n<p>Ve\u0107ina korisnika ih odli\u010dno podnosi, ali je va\u017eno ne preterivati sa koncentracijom. Za osetljive ljude preporu\u010duju se bla\u017ee arome kao \u0161to su: lavanda, citrusi, zelena jabuka.<\/p>\n<ol start=\"9\">\n<li><strong> Da li ostavljaju trag ili masno\u0107u u sauni?<\/strong><\/li>\n<\/ol>\n<p>Ne. PurplEssence arome su formulisane da budu <strong>\u010disto vodorastvorne<\/strong>, bez uljanih taloga koji mogu o\u0161tetiti drvo ili kamenje.<\/p>\n<ol start=\"10\">\n<li><strong> Koliko \u010desto se sme koristiti aroma u toku sauna tretmana?<\/strong><\/li>\n<\/ol>\n<p>U profesionalnim saunama aroma se mo\u017ee koristiti na svakih 10\u201320 minuta. U ku\u0107nim uslovima \u2013 jednom po ulasku u saunu je sasvim dovoljno.<\/p>\n<ol start=\"11\">\n<li><strong> Da li su na\u0161e arome pogodne i za difuzere?<\/strong><\/li>\n<\/ol>\n<p>Mogu se koristiti za svaki oblik aromaterapije. Dozirajte ih u destilovanu vodu, u koli\u010dini u zavisnosti od \u017eeljenog intenziteta arome.<\/p>\n<ol start=\"12\">\n<li><strong> Kako se pravilno \u010duva aroma za saunu?<\/strong><\/li>\n<\/ol>\n<p>\u010cuvati na sobnoj temperaturi, dalje od direktne svetlosti.<\/p>\n<ol start=\"13\">\n<li><strong> Da li se PurplEssence arome mogu koristiti u komercijalnim spa centrima?<\/strong><\/li>\n<\/ol>\n<p>Da, sve na\u0161e arome su <strong>profesionalnog kvaliteta<\/strong> i pogodne za:<\/p>\n<ul>\n<li>wellness hotele<\/li>\n<li>spa centre<\/li>\n<li>teretane<\/li>\n<li>privatne i javne saune.<\/li>\n<\/ul>\n<p>Na\u0161e <strong data-start=\"2361\" data-end=\"2379\">arome za saune<\/strong> savr\u0161eno se uklapaju sa proizvodima iz kategorije<br data-start=\"2429\" data-end=\"2432\" \/>\ud83d\udc49 <a href=\"https:\/\/purplessence.net\/?product_cat=arome-za-parna-kupatila\"><em data-start=\"2435\" data-end=\"2460\">Arome za parna kupatila<\/em><\/a><br data-start=\"2460\" data-end=\"2463\" \/>\ud83d\udc49 <a href=\"https:\/\/purplessence.net\/?product_cat=arome-za-djakuzije\"><em data-start=\"2466\" data-end=\"2510\">Arome za \u0111akuzi kade i hidromasa\u017ene bazene<\/em><\/a><\/p>\n<p>Vi\u0161e o aromaterapiji u saunama mo\u017eete pro\u010ditati na sajtu <a href=\"https:\/\/www.healthline.com\/\"><strong data-start=\"2713\" data-end=\"2727\">Healthline<\/strong><\/a>.<\/p>\n","protected":false},"excerpt":{"rendered":"<p>\u010cempres je poznat po svojim blagim antisepti\u010dkim i pro\u010di\u0161\u0107avaju\u0107im svojstvima, \u0161to ga \u010dini idealnim za osve\u017eavanje prostora i disajnih puteva. U sauni ili parnom kupatilu, ova aroma podsti\u010de duboko disanje, opu\u0161tanje mi\u0161i\u0107a i vra\u0107anje unutra\u0161nje ravnote\u017ee.<\/p>\n","protected":false},"featured_media":842,"comment_status":"open","ping_status":"closed","template":"","meta":[],"product_brand":[],"product_cat":[125,33],"product_tag":[132,50,36,40,168,167,221,171,163,37,172,169,153,38,173,164,165,166,142,46,41,170],"class_list":{"0":"post-841","1":"product","2":"type-product","3":"status-publish","4":"has-post-thumbnail","6":"product_cat-arome-za-saune","7":"product_cat-wellness-proizvodi-i-arome-sa-lavandom","8":"product_tag-aroma-za-saunu","9":"product_tag-aromaterapija","10":"product_tag-arome-za-saune","11":"product_tag-esencije-za-saune","12":"product_tag-horeca-program","13":"product_tag-horeca-sector","14":"product_tag-koncentrovane-arome-za-saune","15":"product_tag-kozmetika-za-saune","16":"product_tag-miris-za-saunu","17":"product_tag-mirisi-za-saune","18":"product_tag-nega-u-saunama","19":"product_tag-oprema-za-hotele","20":"product_tag-oprema-za-wellness-centre","21":"product_tag-prelivi-za-saune","22":"product_tag-preparati-za-negu-u-saunama","23":"product_tag-prodaja-aroma-za-saune","24":"product_tag-prodaja-aroma-za-spa-centre","25":"product_tag-prodaja-esencija-za-saune","26":"product_tag-prodaja-opreme-za-saune","27":"product_tag-sauna-arome","28":"product_tag-sauna-esencije","29":"product_tag-sauna-mirisi","31":"first","32":"instock","33":"purchasable","34":"product-type-simple"},"yoast_head":"<!-- This site is optimized with the Yoast SEO plugin v27.4 - https:\/\/yoast.com\/product\/yoast-seo-wordpress\/ -->\n<title>Aroma za saune \u010cempres \u2013 Lavanda 1l - Purplessence - Essence of Nature<\/title>\n<meta name=\"description\" content=\"Esencija \u010dempresa donosi ose\u0107aj smirenosti i pro\u010di\u0161\u0107enja. Ovaj sve\u017e, drvenast miris podse\u0107a na \u0161etnju kroz zimzelene \u0161ume, poma\u017eu\u0107i umu da se opusti.\" \/>\n<meta name=\"robots\" content=\"index, follow, max-snippet:-1, max-image-preview:large, max-video-preview:-1\" \/>\n<link rel=\"canonical\" href=\"https:\/\/purplessence.net\/?product=esencija-cempresa-donosi-osecaj-smirenosti-i-prociscenja\" \/>\n<meta property=\"og:locale\" content=\"sr_RS\" \/>\n<meta property=\"og:type\" content=\"article\" \/>\n<meta property=\"og:title\" content=\"Aroma za saune \u010cempres \u2013 Lavanda 1l - Purplessence - Essence of Nature\" \/>\n<meta property=\"og:description\" content=\"Esencija \u010dempresa donosi ose\u0107aj smirenosti i pro\u010di\u0161\u0107enja. Ovaj sve\u017e, drvenast miris podse\u0107a na \u0161etnju kroz zimzelene \u0161ume, poma\u017eu\u0107i umu da se opusti.\" \/>\n<meta property=\"og:url\" content=\"https:\/\/purplessence.net\/?product=esencija-cempresa-donosi-osecaj-smirenosti-i-prociscenja\" \/>\n<meta property=\"og:site_name\" content=\"Purplessence - Essence of Nature\" \/>\n<meta property=\"article:publisher\" content=\"https:\/\/www.facebook.com\/p\/Rasadnik-Lavande-Janoev-100085606671590\/\" \/>\n<meta property=\"article:modified_time\" content=\"2026-01-03T16:12:37+00:00\" \/>\n<meta property=\"og:image\" content=\"https:\/\/purplessence.net\/wp-content\/uploads\/2025\/02\/miris-za-saunu-cempres.png\" \/>\n\t<meta property=\"og:image:width\" content=\"1500\" \/>\n\t<meta property=\"og:image:height\" content=\"2000\" \/>\n\t<meta property=\"og:image:type\" content=\"image\/png\" \/>\n<meta name=\"twitter:card\" content=\"summary_large_image\" \/>\n<meta name=\"twitter:label1\" content=\"\u041f\u0440\u043e\u0446\u0435\u045a\u0435\u043d\u043e \u0432\u0440\u0435\u043c\u0435 \u0447\u0438\u0442\u0430\u045a\u0430\" \/>\n\t<meta name=\"twitter:data1\" content=\"4 \u043c\u0438\u043d\u0443\u0442\u0430\" \/>\n<script type=\"application\/ld+json\" class=\"yoast-schema-graph\">{\"@context\":\"https:\\\/\\\/schema.org\",\"@graph\":[{\"@type\":\"WebPage\",\"@id\":\"https:\\\/\\\/purplessence.net\\\/?product=esencija-cempresa-donosi-osecaj-smirenosti-i-prociscenja\",\"url\":\"https:\\\/\\\/purplessence.net\\\/?product=esencija-cempresa-donosi-osecaj-smirenosti-i-prociscenja\",\"name\":\"Aroma za saune \u010cempres \u2013 Lavanda 1l - Purplessence - Essence of Nature\",\"isPartOf\":{\"@id\":\"https:\\\/\\\/purplessence.net\\\/#website\"},\"primaryImageOfPage\":{\"@id\":\"https:\\\/\\\/purplessence.net\\\/?product=esencija-cempresa-donosi-osecaj-smirenosti-i-prociscenja#primaryimage\"},\"image\":{\"@id\":\"https:\\\/\\\/purplessence.net\\\/?product=esencija-cempresa-donosi-osecaj-smirenosti-i-prociscenja#primaryimage\"},\"thumbnailUrl\":\"https:\\\/\\\/purplessence.net\\\/wp-content\\\/uploads\\\/2025\\\/02\\\/miris-za-saunu-cempres.png\",\"datePublished\":\"2025-02-08T16:18:42+00:00\",\"dateModified\":\"2026-01-03T16:12:37+00:00\",\"description\":\"Esencija \u010dempresa donosi ose\u0107aj smirenosti i pro\u010di\u0161\u0107enja. Ovaj sve\u017e, drvenast miris podse\u0107a na \u0161etnju kroz zimzelene \u0161ume, poma\u017eu\u0107i umu da se opusti.\",\"breadcrumb\":{\"@id\":\"https:\\\/\\\/purplessence.net\\\/?product=esencija-cempresa-donosi-osecaj-smirenosti-i-prociscenja#breadcrumb\"},\"inLanguage\":\"sr-RS\",\"potentialAction\":[{\"@type\":\"ReadAction\",\"target\":[\"https:\\\/\\\/purplessence.net\\\/?product=esencija-cempresa-donosi-osecaj-smirenosti-i-prociscenja\"]}]},{\"@type\":\"ImageObject\",\"inLanguage\":\"sr-RS\",\"@id\":\"https:\\\/\\\/purplessence.net\\\/?product=esencija-cempresa-donosi-osecaj-smirenosti-i-prociscenja#primaryimage\",\"url\":\"https:\\\/\\\/purplessence.net\\\/wp-content\\\/uploads\\\/2025\\\/02\\\/miris-za-saunu-cempres.png\",\"contentUrl\":\"https:\\\/\\\/purplessence.net\\\/wp-content\\\/uploads\\\/2025\\\/02\\\/miris-za-saunu-cempres.png\",\"width\":1500,\"height\":2000,\"caption\":\"\u010cempres je poznat po svojim blagim antisepti\u010dkim i pro\u010di\u0161\u0107avaju\u0107im svojstvima\"},{\"@type\":\"BreadcrumbList\",\"@id\":\"https:\\\/\\\/purplessence.net\\\/?product=esencija-cempresa-donosi-osecaj-smirenosti-i-prociscenja#breadcrumb\",\"itemListElement\":[{\"@type\":\"ListItem\",\"position\":1,\"name\":\"Home\",\"item\":\"https:\\\/\\\/purplessence.net\\\/\"},{\"@type\":\"ListItem\",\"position\":2,\"name\":\"Shop\",\"item\":\"https:\\\/\\\/purplessence.net\\\/?page_id=396\"},{\"@type\":\"ListItem\",\"position\":3,\"name\":\"Aroma za saune \u010cempres \u2013 Lavanda 1l\"}]},{\"@type\":\"WebSite\",\"@id\":\"https:\\\/\\\/purplessence.net\\\/#website\",\"url\":\"https:\\\/\\\/purplessence.net\\\/\",\"name\":\"Purplessence.net\",\"description\":\"Natural Lavender Products - Essence of Nature\",\"publisher\":{\"@id\":\"https:\\\/\\\/purplessence.net\\\/#organization\"},\"alternateName\":\"Natural Lavender Products - Essence of Nature\",\"potentialAction\":[{\"@type\":\"SearchAction\",\"target\":{\"@type\":\"EntryPoint\",\"urlTemplate\":\"https:\\\/\\\/purplessence.net\\\/?s={search_term_string}\"},\"query-input\":{\"@type\":\"PropertyValueSpecification\",\"valueRequired\":true,\"valueName\":\"search_term_string\"}}],\"inLanguage\":\"sr-RS\"},{\"@type\":\"Organization\",\"@id\":\"https:\\\/\\\/purplessence.net\\\/#organization\",\"name\":\"PurplEssence Zrenjanin\",\"alternateName\":\"Essence of Nature\",\"url\":\"https:\\\/\\\/purplessence.net\\\/\",\"logo\":{\"@type\":\"ImageObject\",\"inLanguage\":\"sr-RS\",\"@id\":\"https:\\\/\\\/purplessence.net\\\/#\\\/schema\\\/logo\\\/image\\\/\",\"url\":\"https:\\\/\\\/purplessence.net\\\/wp-content\\\/uploads\\\/2025\\\/01\\\/cropped-cropped-logo-purplessence_lavanda.png\",\"contentUrl\":\"https:\\\/\\\/purplessence.net\\\/wp-content\\\/uploads\\\/2025\\\/01\\\/cropped-cropped-logo-purplessence_lavanda.png\",\"width\":512,\"height\":512,\"caption\":\"PurplEssence Zrenjanin\"},\"image\":{\"@id\":\"https:\\\/\\\/purplessence.net\\\/#\\\/schema\\\/logo\\\/image\\\/\"},\"sameAs\":[\"https:\\\/\\\/www.facebook.com\\\/p\\\/Rasadnik-Lavande-Janoev-100085606671590\\\/\"]}]}<\/script>\n<!-- \/ Yoast SEO plugin. -->","yoast_head_json":{"title":"Aroma za saune \u010cempres \u2013 Lavanda 1l - Purplessence - Essence of Nature","description":"Esencija \u010dempresa donosi ose\u0107aj smirenosti i pro\u010di\u0161\u0107enja. Ovaj sve\u017e, drvenast miris podse\u0107a na \u0161etnju kroz zimzelene \u0161ume, poma\u017eu\u0107i umu da se opusti.","robots":{"index":"index","follow":"follow","max-snippet":"max-snippet:-1","max-image-preview":"max-image-preview:large","max-video-preview":"max-video-preview:-1"},"canonical":"https:\/\/purplessence.net\/?product=esencija-cempresa-donosi-osecaj-smirenosti-i-prociscenja","og_locale":"sr_RS","og_type":"article","og_title":"Aroma za saune \u010cempres \u2013 Lavanda 1l - Purplessence - Essence of Nature","og_description":"Esencija \u010dempresa donosi ose\u0107aj smirenosti i pro\u010di\u0161\u0107enja. Ovaj sve\u017e, drvenast miris podse\u0107a na \u0161etnju kroz zimzelene \u0161ume, poma\u017eu\u0107i umu da se opusti.","og_url":"https:\/\/purplessence.net\/?product=esencija-cempresa-donosi-osecaj-smirenosti-i-prociscenja","og_site_name":"Purplessence - Essence of Nature","article_publisher":"https:\/\/www.facebook.com\/p\/Rasadnik-Lavande-Janoev-100085606671590\/","article_modified_time":"2026-01-03T16:12:37+00:00","og_image":[{"width":1500,"height":2000,"url":"https:\/\/purplessence.net\/wp-content\/uploads\/2025\/02\/miris-za-saunu-cempres.png","type":"image\/png"}],"twitter_card":"summary_large_image","twitter_misc":{"\u041f\u0440\u043e\u0446\u0435\u045a\u0435\u043d\u043e \u0432\u0440\u0435\u043c\u0435 \u0447\u0438\u0442\u0430\u045a\u0430":"4 \u043c\u0438\u043d\u0443\u0442\u0430"},"schema":{"@context":"https:\/\/schema.org","@graph":[{"@type":"WebPage","@id":"https:\/\/purplessence.net\/?product=esencija-cempresa-donosi-osecaj-smirenosti-i-prociscenja","url":"https:\/\/purplessence.net\/?product=esencija-cempresa-donosi-osecaj-smirenosti-i-prociscenja","name":"Aroma za saune \u010cempres \u2013 Lavanda 1l - Purplessence - Essence of Nature","isPartOf":{"@id":"https:\/\/purplessence.net\/#website"},"primaryImageOfPage":{"@id":"https:\/\/purplessence.net\/?product=esencija-cempresa-donosi-osecaj-smirenosti-i-prociscenja#primaryimage"},"image":{"@id":"https:\/\/purplessence.net\/?product=esencija-cempresa-donosi-osecaj-smirenosti-i-prociscenja#primaryimage"},"thumbnailUrl":"https:\/\/purplessence.net\/wp-content\/uploads\/2025\/02\/miris-za-saunu-cempres.png","datePublished":"2025-02-08T16:18:42+00:00","dateModified":"2026-01-03T16:12:37+00:00","description":"Esencija \u010dempresa donosi ose\u0107aj smirenosti i pro\u010di\u0161\u0107enja. Ovaj sve\u017e, drvenast miris podse\u0107a na \u0161etnju kroz zimzelene \u0161ume, poma\u017eu\u0107i umu da se opusti.","breadcrumb":{"@id":"https:\/\/purplessence.net\/?product=esencija-cempresa-donosi-osecaj-smirenosti-i-prociscenja#breadcrumb"},"inLanguage":"sr-RS","potentialAction":[{"@type":"ReadAction","target":["https:\/\/purplessence.net\/?product=esencija-cempresa-donosi-osecaj-smirenosti-i-prociscenja"]}]},{"@type":"ImageObject","inLanguage":"sr-RS","@id":"https:\/\/purplessence.net\/?product=esencija-cempresa-donosi-osecaj-smirenosti-i-prociscenja#primaryimage","url":"https:\/\/purplessence.net\/wp-content\/uploads\/2025\/02\/miris-za-saunu-cempres.png","contentUrl":"https:\/\/purplessence.net\/wp-content\/uploads\/2025\/02\/miris-za-saunu-cempres.png","width":1500,"height":2000,"caption":"\u010cempres je poznat po svojim blagim antisepti\u010dkim i pro\u010di\u0161\u0107avaju\u0107im svojstvima"},{"@type":"BreadcrumbList","@id":"https:\/\/purplessence.net\/?product=esencija-cempresa-donosi-osecaj-smirenosti-i-prociscenja#breadcrumb","itemListElement":[{"@type":"ListItem","position":1,"name":"Home","item":"https:\/\/purplessence.net\/"},{"@type":"ListItem","position":2,"name":"Shop","item":"https:\/\/purplessence.net\/?page_id=396"},{"@type":"ListItem","position":3,"name":"Aroma za saune \u010cempres \u2013 Lavanda 1l"}]},{"@type":"WebSite","@id":"https:\/\/purplessence.net\/#website","url":"https:\/\/purplessence.net\/","name":"Purplessence.net","description":"Natural Lavender Products - Essence of Nature","publisher":{"@id":"https:\/\/purplessence.net\/#organization"},"alternateName":"Natural Lavender Products - Essence of Nature","potentialAction":[{"@type":"SearchAction","target":{"@type":"EntryPoint","urlTemplate":"https:\/\/purplessence.net\/?s={search_term_string}"},"query-input":{"@type":"PropertyValueSpecification","valueRequired":true,"valueName":"search_term_string"}}],"inLanguage":"sr-RS"},{"@type":"Organization","@id":"https:\/\/purplessence.net\/#organization","name":"PurplEssence Zrenjanin","alternateName":"Essence of Nature","url":"https:\/\/purplessence.net\/","logo":{"@type":"ImageObject","inLanguage":"sr-RS","@id":"https:\/\/purplessence.net\/#\/schema\/logo\/image\/","url":"https:\/\/purplessence.net\/wp-content\/uploads\/2025\/01\/cropped-cropped-logo-purplessence_lavanda.png","contentUrl":"https:\/\/purplessence.net\/wp-content\/uploads\/2025\/01\/cropped-cropped-logo-purplessence_lavanda.png","width":512,"height":512,"caption":"PurplEssence Zrenjanin"},"image":{"@id":"https:\/\/purplessence.net\/#\/schema\/logo\/image\/"},"sameAs":["https:\/\/www.facebook.com\/p\/Rasadnik-Lavande-Janoev-100085606671590\/"]}]}},"jetpack_sharing_enabled":true,"_links":{"self":[{"href":"https:\/\/purplessence.net\/index.php?rest_route=\/wp\/v2\/product\/841","targetHints":{"allow":["GET"]}}],"collection":[{"href":"https:\/\/purplessence.net\/index.php?rest_route=\/wp\/v2\/product"}],"about":[{"href":"https:\/\/purplessence.net\/index.php?rest_route=\/wp\/v2\/types\/product"}],"replies":[{"embeddable":true,"href":"https:\/\/purplessence.net\/index.php?rest_route=%2Fwp%2Fv2%2Fcomments&post=841"}],"wp:featuredmedia":[{"embeddable":true,"href":"https:\/\/purplessence.net\/index.php?rest_route=\/wp\/v2\/media\/842"}],"wp:attachment":[{"href":"https:\/\/purplessence.net\/index.php?rest_route=%2Fwp%2Fv2%2Fmedia&parent=841"}],"wp:term":[{"taxonomy":"product_brand","embeddable":true,"href":"https:\/\/purplessence.net\/index.php?rest_route=%2Fwp%2Fv2%2Fproduct_brand&post=841"},{"taxonomy":"product_cat","embeddable":true,"href":"https:\/\/purplessence.net\/index.php?rest_route=%2Fwp%2Fv2%2Fproduct_cat&post=841"},{"taxonomy":"product_tag","embeddable":true,"href":"https:\/\/purplessence.net\/index.php?rest_route=%2Fwp%2Fv2%2Fproduct_tag&post=841"}],"curies":[{"name":"wp","href":"https:\/\/api.w.org\/{rel}","templated":true}]}}