{"id":96,"date":"2021-07-18T08:40:56","date_gmt":"2021-07-18T08:40:56","guid":{"rendered":"https:\/\/demo.athemes.com\/botiga\/?post_type=product&#038;p=96"},"modified":"2026-01-08T14:32:43","modified_gmt":"2026-01-08T13:32:43","slug":"cvetna-vodica-lavande","status":"publish","type":"product","link":"https:\/\/purplessence.net\/?product=cvetna-vodica-lavande","title":{"rendered":"Hidrolat \u2013 cvetna vodica Lavanda 100 ml &#8211; bo\u010dica"},"content":{"rendered":"<p><strong data-start=\"405\" data-end=\"430\">Cvetna vodica lavande<\/strong> je 100% \u010dist i prirodan hidrolat lavande, dobijen destilacijom cveta Lavandula Angustifolia vodenom parom. Bez dodatka alkohola, boja i emulgatora, ova cvetna vodica lavande poti\u010de sa ekolo\u0161ke planta\u017ee lavande gajene u Srbiji i namenjena je svakodnevnoj prirodnoj nezi ko\u017ee.<\/p>\n<p>Hidrolat ili cvetna vodica se dobija kao kondenzat koji se izdvaja prilikom procesa destilacije cveta lavande. To je vodeni rastvor koji je zasi\u0107en sastojcima esencijalnog ulja i ima sli\u010dno dejstvo kao samo eteri\u010dno ulje.<\/p>\n<p>Na\u010din upotrebe: Koristi se za negu, \u010di\u0161\u0107enje i hidrataciju svih tipova ko\u017ee Posebno je delotvoran za umirenje iritirane i osetljive ko\u017ee, kao i opekotina od sun\u010danja. Smiruje ose\u0107aj svraba kod ujeda insekata i neprijatnog crvenila nakon depilacije ili brijanja. Mo\u017ee se koristiti kao zamena za tonik za lice ili micelarna voda. U letnjim mesecima se mo\u017ee koristiti za osve\u017eavanje ko\u017ee lica i tela. Veoma je blag i ne sadr\u017ei alkohol i njegova svakodnevna upotreba ne\u0107e iritirati ni isu\u0161iti ko\u017eu.<\/p>\n<p>Zbog svojih antibakterijskih svojstava hidrolat spre\u010dava pojavu akni i bubuljica. Hidrolat se mo\u017ee koristiti za osve\u017eavanje prostorija, kancelarija ili kao miris za posteljinu i tkanine. Zbog svog umiruju\u0107eg svojstva, hidrolat se mo\u017ee koristiti u vodu obloga kod glavobolje, stresa, umornih o\u010diju i kao sredstvo za opu\u0161tanje nakon stresnog i napornog dana.<\/p>\n<p>Na\u010din \u010duvanja: \u010duvati na tamnom i hladnom mestu.<\/p>\n<p>Rok upotrebe: 12 meseci nakon otvaranja.<br \/>\nZemlja porekla: Srbija<\/p>\n<p>Neto: 100 ml<\/p>\n<p>Pakovanje: dostupan je u bo\u010dici sa raspr\u0161iva\u010dem ili u standardnoj bo\u010dici sa zatvara\u010dem.<\/p>\n<p>Saznajte vi\u0161e o upotrebi hidrolata i njegovim magi\u010dnim svojstvima u na\u0161im blogovima:\u00a0<strong><a href=\"https:\/\/purplessence.net\/?p=965\">\u0160ta je hidrolat lavande?<\/a> i <a href=\"https:\/\/purplessence.net\/?p=1046\">Magi\u010dna svojstva hidrolata lavande.<\/a><\/strong><\/p>\n<p>Blagotvorna svojstva hidrolata potvr\u0111ena su i u stru\u010dnoj literaturi: <a href=\"https:\/\/naha.org\/explore-aromatherapy\/about-aromatherapy\/what-are-hydrosols\/\"><strong>What are hydrosols?<\/strong><\/a><\/p>\n","protected":false},"excerpt":{"rendered":"<p>100% \u010dist i prirodan hidrolat lavande, sorte Lavandula Angustifolia ili prava lavanda. Bez dodatka alkohola, boja i emulgatora.<\/p>\n","protected":false},"featured_media":711,"comment_status":"open","ping_status":"closed","template":"","meta":[],"product_brand":[],"product_cat":[124],"product_tag":[56,55,58,57],"class_list":{"0":"post-96","1":"product","2":"type-product","3":"status-publish","4":"has-post-thumbnail","6":"product_cat-etericno-ulje-i-hidrolat-lavanda","7":"product_tag-cvetna-vodica-lavande","8":"product_tag-hidrolat-lavande","9":"product_tag-prirodna-hidratacija","10":"product_tag-tonik-od-lavande","12":"first","13":"instock","14":"purchasable","15":"product-type-simple"},"yoast_head":"<!-- This site is optimized with the Yoast SEO plugin v27.4 - https:\/\/yoast.com\/product\/yoast-seo-wordpress\/ -->\n<title>Hidrolat \u2013 cvetna vodica Lavanda 100 ml - bo\u010dica - Purplessence - Essence of Nature<\/title>\n<meta name=\"description\" content=\"Zbog svojih antibakterijskih svojstava hidrolat spre\u010dava pojavu akni i bubuljica. Hidrolat se mo\u017ee koristiti za osve\u017eavanje prostorija.\" \/>\n<meta name=\"robots\" content=\"index, follow, max-snippet:-1, max-image-preview:large, max-video-preview:-1\" \/>\n<link rel=\"canonical\" href=\"https:\/\/purplessence.net\/?product=cvetna-vodica-lavande\" \/>\n<meta property=\"og:locale\" content=\"sr_RS\" \/>\n<meta property=\"og:type\" content=\"article\" \/>\n<meta property=\"og:title\" content=\"Hidrolat \u2013 cvetna vodica Lavanda 100 ml - bo\u010dica - Purplessence - Essence of Nature\" \/>\n<meta property=\"og:description\" content=\"Zbog svojih antibakterijskih svojstava hidrolat spre\u010dava pojavu akni i bubuljica. Hidrolat se mo\u017ee koristiti za osve\u017eavanje prostorija.\" \/>\n<meta property=\"og:url\" content=\"https:\/\/purplessence.net\/?product=cvetna-vodica-lavande\" \/>\n<meta property=\"og:site_name\" content=\"Purplessence - Essence of Nature\" \/>\n<meta property=\"article:publisher\" content=\"https:\/\/www.facebook.com\/p\/Rasadnik-Lavande-Janoev-100085606671590\/\" \/>\n<meta property=\"article:modified_time\" content=\"2026-01-08T13:32:43+00:00\" \/>\n<meta property=\"og:image\" content=\"https:\/\/purplessence.net\/wp-content\/uploads\/2021\/07\/prirodni-hidrolat-lavande.png\" \/>\n\t<meta property=\"og:image:width\" content=\"1500\" \/>\n\t<meta property=\"og:image:height\" content=\"2000\" \/>\n\t<meta property=\"og:image:type\" content=\"image\/png\" \/>\n<meta name=\"twitter:card\" content=\"summary_large_image\" \/>\n<meta name=\"twitter:label1\" content=\"\u041f\u0440\u043e\u0446\u0435\u045a\u0435\u043d\u043e \u0432\u0440\u0435\u043c\u0435 \u0447\u0438\u0442\u0430\u045a\u0430\" \/>\n\t<meta name=\"twitter:data1\" content=\"2 \u043c\u0438\u043d\u0443\u0442\u0430\" \/>\n<script type=\"application\/ld+json\" class=\"yoast-schema-graph\">{\"@context\":\"https:\\\/\\\/schema.org\",\"@graph\":[{\"@type\":\"WebPage\",\"@id\":\"https:\\\/\\\/purplessence.net\\\/?product=cvetna-vodica-lavande\",\"url\":\"https:\\\/\\\/purplessence.net\\\/?product=cvetna-vodica-lavande\",\"name\":\"Hidrolat \u2013 cvetna vodica Lavanda 100 ml - bo\u010dica - Purplessence - Essence of Nature\",\"isPartOf\":{\"@id\":\"https:\\\/\\\/purplessence.net\\\/#website\"},\"primaryImageOfPage\":{\"@id\":\"https:\\\/\\\/purplessence.net\\\/?product=cvetna-vodica-lavande#primaryimage\"},\"image\":{\"@id\":\"https:\\\/\\\/purplessence.net\\\/?product=cvetna-vodica-lavande#primaryimage\"},\"thumbnailUrl\":\"https:\\\/\\\/purplessence.net\\\/wp-content\\\/uploads\\\/2021\\\/07\\\/prirodni-hidrolat-lavande.png\",\"datePublished\":\"2021-07-18T08:40:56+00:00\",\"dateModified\":\"2026-01-08T13:32:43+00:00\",\"description\":\"Zbog svojih antibakterijskih svojstava hidrolat spre\u010dava pojavu akni i bubuljica. Hidrolat se mo\u017ee koristiti za osve\u017eavanje prostorija.\",\"breadcrumb\":{\"@id\":\"https:\\\/\\\/purplessence.net\\\/?product=cvetna-vodica-lavande#breadcrumb\"},\"inLanguage\":\"sr-RS\",\"potentialAction\":[{\"@type\":\"ReadAction\",\"target\":[\"https:\\\/\\\/purplessence.net\\\/?product=cvetna-vodica-lavande\"]}]},{\"@type\":\"ImageObject\",\"inLanguage\":\"sr-RS\",\"@id\":\"https:\\\/\\\/purplessence.net\\\/?product=cvetna-vodica-lavande#primaryimage\",\"url\":\"https:\\\/\\\/purplessence.net\\\/wp-content\\\/uploads\\\/2021\\\/07\\\/prirodni-hidrolat-lavande.png\",\"contentUrl\":\"https:\\\/\\\/purplessence.net\\\/wp-content\\\/uploads\\\/2021\\\/07\\\/prirodni-hidrolat-lavande.png\",\"width\":1500,\"height\":2000,\"caption\":\"cvetna vodica lavande\"},{\"@type\":\"BreadcrumbList\",\"@id\":\"https:\\\/\\\/purplessence.net\\\/?product=cvetna-vodica-lavande#breadcrumb\",\"itemListElement\":[{\"@type\":\"ListItem\",\"position\":1,\"name\":\"Home\",\"item\":\"https:\\\/\\\/purplessence.net\\\/\"},{\"@type\":\"ListItem\",\"position\":2,\"name\":\"Shop\",\"item\":\"https:\\\/\\\/purplessence.net\\\/?page_id=396\"},{\"@type\":\"ListItem\",\"position\":3,\"name\":\"Hidrolat \u2013 cvetna vodica Lavanda 100 ml &#8211; bo\u010dica\"}]},{\"@type\":\"WebSite\",\"@id\":\"https:\\\/\\\/purplessence.net\\\/#website\",\"url\":\"https:\\\/\\\/purplessence.net\\\/\",\"name\":\"Purplessence.net\",\"description\":\"Natural Lavender Products - Essence of Nature\",\"publisher\":{\"@id\":\"https:\\\/\\\/purplessence.net\\\/#organization\"},\"alternateName\":\"Natural Lavender Products - Essence of Nature\",\"potentialAction\":[{\"@type\":\"SearchAction\",\"target\":{\"@type\":\"EntryPoint\",\"urlTemplate\":\"https:\\\/\\\/purplessence.net\\\/?s={search_term_string}\"},\"query-input\":{\"@type\":\"PropertyValueSpecification\",\"valueRequired\":true,\"valueName\":\"search_term_string\"}}],\"inLanguage\":\"sr-RS\"},{\"@type\":\"Organization\",\"@id\":\"https:\\\/\\\/purplessence.net\\\/#organization\",\"name\":\"PurplEssence Zrenjanin\",\"alternateName\":\"Essence of Nature\",\"url\":\"https:\\\/\\\/purplessence.net\\\/\",\"logo\":{\"@type\":\"ImageObject\",\"inLanguage\":\"sr-RS\",\"@id\":\"https:\\\/\\\/purplessence.net\\\/#\\\/schema\\\/logo\\\/image\\\/\",\"url\":\"https:\\\/\\\/purplessence.net\\\/wp-content\\\/uploads\\\/2025\\\/01\\\/cropped-cropped-logo-purplessence_lavanda.png\",\"contentUrl\":\"https:\\\/\\\/purplessence.net\\\/wp-content\\\/uploads\\\/2025\\\/01\\\/cropped-cropped-logo-purplessence_lavanda.png\",\"width\":512,\"height\":512,\"caption\":\"PurplEssence Zrenjanin\"},\"image\":{\"@id\":\"https:\\\/\\\/purplessence.net\\\/#\\\/schema\\\/logo\\\/image\\\/\"},\"sameAs\":[\"https:\\\/\\\/www.facebook.com\\\/p\\\/Rasadnik-Lavande-Janoev-100085606671590\\\/\"]}]}<\/script>\n<!-- \/ Yoast SEO plugin. -->","yoast_head_json":{"title":"Hidrolat \u2013 cvetna vodica Lavanda 100 ml - bo\u010dica - Purplessence - Essence of Nature","description":"Zbog svojih antibakterijskih svojstava hidrolat spre\u010dava pojavu akni i bubuljica. Hidrolat se mo\u017ee koristiti za osve\u017eavanje prostorija.","robots":{"index":"index","follow":"follow","max-snippet":"max-snippet:-1","max-image-preview":"max-image-preview:large","max-video-preview":"max-video-preview:-1"},"canonical":"https:\/\/purplessence.net\/?product=cvetna-vodica-lavande","og_locale":"sr_RS","og_type":"article","og_title":"Hidrolat \u2013 cvetna vodica Lavanda 100 ml - bo\u010dica - Purplessence - Essence of Nature","og_description":"Zbog svojih antibakterijskih svojstava hidrolat spre\u010dava pojavu akni i bubuljica. Hidrolat se mo\u017ee koristiti za osve\u017eavanje prostorija.","og_url":"https:\/\/purplessence.net\/?product=cvetna-vodica-lavande","og_site_name":"Purplessence - Essence of Nature","article_publisher":"https:\/\/www.facebook.com\/p\/Rasadnik-Lavande-Janoev-100085606671590\/","article_modified_time":"2026-01-08T13:32:43+00:00","og_image":[{"width":1500,"height":2000,"url":"https:\/\/purplessence.net\/wp-content\/uploads\/2021\/07\/prirodni-hidrolat-lavande.png","type":"image\/png"}],"twitter_card":"summary_large_image","twitter_misc":{"\u041f\u0440\u043e\u0446\u0435\u045a\u0435\u043d\u043e \u0432\u0440\u0435\u043c\u0435 \u0447\u0438\u0442\u0430\u045a\u0430":"2 \u043c\u0438\u043d\u0443\u0442\u0430"},"schema":{"@context":"https:\/\/schema.org","@graph":[{"@type":"WebPage","@id":"https:\/\/purplessence.net\/?product=cvetna-vodica-lavande","url":"https:\/\/purplessence.net\/?product=cvetna-vodica-lavande","name":"Hidrolat \u2013 cvetna vodica Lavanda 100 ml - bo\u010dica - Purplessence - Essence of Nature","isPartOf":{"@id":"https:\/\/purplessence.net\/#website"},"primaryImageOfPage":{"@id":"https:\/\/purplessence.net\/?product=cvetna-vodica-lavande#primaryimage"},"image":{"@id":"https:\/\/purplessence.net\/?product=cvetna-vodica-lavande#primaryimage"},"thumbnailUrl":"https:\/\/purplessence.net\/wp-content\/uploads\/2021\/07\/prirodni-hidrolat-lavande.png","datePublished":"2021-07-18T08:40:56+00:00","dateModified":"2026-01-08T13:32:43+00:00","description":"Zbog svojih antibakterijskih svojstava hidrolat spre\u010dava pojavu akni i bubuljica. Hidrolat se mo\u017ee koristiti za osve\u017eavanje prostorija.","breadcrumb":{"@id":"https:\/\/purplessence.net\/?product=cvetna-vodica-lavande#breadcrumb"},"inLanguage":"sr-RS","potentialAction":[{"@type":"ReadAction","target":["https:\/\/purplessence.net\/?product=cvetna-vodica-lavande"]}]},{"@type":"ImageObject","inLanguage":"sr-RS","@id":"https:\/\/purplessence.net\/?product=cvetna-vodica-lavande#primaryimage","url":"https:\/\/purplessence.net\/wp-content\/uploads\/2021\/07\/prirodni-hidrolat-lavande.png","contentUrl":"https:\/\/purplessence.net\/wp-content\/uploads\/2021\/07\/prirodni-hidrolat-lavande.png","width":1500,"height":2000,"caption":"cvetna vodica lavande"},{"@type":"BreadcrumbList","@id":"https:\/\/purplessence.net\/?product=cvetna-vodica-lavande#breadcrumb","itemListElement":[{"@type":"ListItem","position":1,"name":"Home","item":"https:\/\/purplessence.net\/"},{"@type":"ListItem","position":2,"name":"Shop","item":"https:\/\/purplessence.net\/?page_id=396"},{"@type":"ListItem","position":3,"name":"Hidrolat \u2013 cvetna vodica Lavanda 100 ml &#8211; bo\u010dica"}]},{"@type":"WebSite","@id":"https:\/\/purplessence.net\/#website","url":"https:\/\/purplessence.net\/","name":"Purplessence.net","description":"Natural Lavender Products - Essence of Nature","publisher":{"@id":"https:\/\/purplessence.net\/#organization"},"alternateName":"Natural Lavender Products - Essence of Nature","potentialAction":[{"@type":"SearchAction","target":{"@type":"EntryPoint","urlTemplate":"https:\/\/purplessence.net\/?s={search_term_string}"},"query-input":{"@type":"PropertyValueSpecification","valueRequired":true,"valueName":"search_term_string"}}],"inLanguage":"sr-RS"},{"@type":"Organization","@id":"https:\/\/purplessence.net\/#organization","name":"PurplEssence Zrenjanin","alternateName":"Essence of Nature","url":"https:\/\/purplessence.net\/","logo":{"@type":"ImageObject","inLanguage":"sr-RS","@id":"https:\/\/purplessence.net\/#\/schema\/logo\/image\/","url":"https:\/\/purplessence.net\/wp-content\/uploads\/2025\/01\/cropped-cropped-logo-purplessence_lavanda.png","contentUrl":"https:\/\/purplessence.net\/wp-content\/uploads\/2025\/01\/cropped-cropped-logo-purplessence_lavanda.png","width":512,"height":512,"caption":"PurplEssence Zrenjanin"},"image":{"@id":"https:\/\/purplessence.net\/#\/schema\/logo\/image\/"},"sameAs":["https:\/\/www.facebook.com\/p\/Rasadnik-Lavande-Janoev-100085606671590\/"]}]}},"jetpack_sharing_enabled":true,"_links":{"self":[{"href":"https:\/\/purplessence.net\/index.php?rest_route=\/wp\/v2\/product\/96","targetHints":{"allow":["GET"]}}],"collection":[{"href":"https:\/\/purplessence.net\/index.php?rest_route=\/wp\/v2\/product"}],"about":[{"href":"https:\/\/purplessence.net\/index.php?rest_route=\/wp\/v2\/types\/product"}],"replies":[{"embeddable":true,"href":"https:\/\/purplessence.net\/index.php?rest_route=%2Fwp%2Fv2%2Fcomments&post=96"}],"wp:featuredmedia":[{"embeddable":true,"href":"https:\/\/purplessence.net\/index.php?rest_route=\/wp\/v2\/media\/711"}],"wp:attachment":[{"href":"https:\/\/purplessence.net\/index.php?rest_route=%2Fwp%2Fv2%2Fmedia&parent=96"}],"wp:term":[{"taxonomy":"product_brand","embeddable":true,"href":"https:\/\/purplessence.net\/index.php?rest_route=%2Fwp%2Fv2%2Fproduct_brand&post=96"},{"taxonomy":"product_cat","embeddable":true,"href":"https:\/\/purplessence.net\/index.php?rest_route=%2Fwp%2Fv2%2Fproduct_cat&post=96"},{"taxonomy":"product_tag","embeddable":true,"href":"https:\/\/purplessence.net\/index.php?rest_route=%2Fwp%2Fv2%2Fproduct_tag&post=96"}],"curies":[{"name":"wp","href":"https:\/\/api.w.org\/{rel}","templated":true}]}}