{"id":996,"date":"2025-03-03T18:31:42","date_gmt":"2025-03-03T17:31:42","guid":{"rendered":"https:\/\/purplessence.net\/?post_type=product&#038;p=996"},"modified":"2026-01-03T17:26:10","modified_gmt":"2026-01-03T16:26:10","slug":"miris-za-saunu-sibirski-bor-lavanda","status":"publish","type":"product","link":"https:\/\/purplessence.net\/?product=miris-za-saunu-sibirski-bor-lavanda","title":{"rendered":"Miris za saunu Sibirski Bor \u2013 Lavanda 200ml"},"content":{"rendered":"<p>Kombinacija koja osve\u017eava i podsti\u010de cirkulaciju. Lavanda opu\u0161ta, dok sibirski bor doprinosi detoksikaciji tela i olak\u0161ava disanje, \u0161to ovu kombinaciju \u010dini odli\u010dnim izborom za ja\u010danje imunog sistema.<\/p>\n<p>Premium kolekcija koncentrovanih aroma za saune u elegantnim crnim bo\u010dicama, dizajniranim za glamurozni spa ugo\u0111aj. Svaka kap je pa\u017eljivo formulisana esencija prirode, koja \u0107e tranformisati va\u0161u saunu u oazu luksuza i harmonije.<\/p>\n<p>*\u00a0Ekskluzivni mirisi za potpuni wellness ugo\u0111aj,<\/p>\n<p>*\u00a0Visoka koncentracija \u2013 dugotrajan efekat,<\/p>\n<p>*\u00a0Moderan dizajn za vrhunski estetski efekat.<\/p>\n<p>Na\u0161i prelivi su jedinstveni na tr\u017ei\u0161tu i mogu unaprediti kvalitet wellness tretmana, pobolj\u0161ati iskustvo gostiju i dodati jedinstvenu notu svakom spa programu.<\/p>\n<p>Sa polja lavande do va\u0161e saune \u2013 na\u0161i prelivi za saune poti\u010du direktno iz prirode. Sve po\u010dinje pa\u017eljivim uzgojem lavande bez hemikalija i pesticida, a zavr\u0161ava se u boci 100% \u010distog, prirodnog preliva. Kvalitet i sve\u017eina na prvom mestu!<\/p>\n<p>Umiruju\u0107e arome koje transformi\u0161u svaki wellness trenutak u iskustvo potpune relaksacije. Isprobajte na\u0161e prirodne prelive za saune i parna kupatila i dozvolite lavandi da postane va\u0161 pouzdan partner u wellness rutini.<\/p>\n<p>Aroma sve\u017eih cvetova Lavande gajene na planta\u017ei u Srbiji. Unesite miris Mediterana i duh Provanse u va\u0161u saunu uz prijatnu i opu\u0161taju\u0107u aromu koja budi sva \u010dula, donosi mir i harmoniju duha i tela.<\/p>\n<p>Sastav: 100% prirodno i koncentrovano eteri\u010dno ulje Lavande, sorte Lavandula Angustifolia i eteri\u010dno ulje iglica sibirskog bora. Bez dodatka boja i emulgatora.<\/p>\n<p>Doziranje: Promu\u0107kajte pre upotrebe. Dodati 1-2 \u010depa na 4l vode.<\/p>\n<p>Zemlja porekla: Srbija<\/p>\n<p>Neto: 200 ml<\/p>\n<p>Na\u0161e <strong data-start=\"2361\" data-end=\"2379\">arome za saune<\/strong> savr\u0161eno se uklapaju sa proizvodima iz kategorije<br data-start=\"2429\" data-end=\"2432\" \/>\ud83d\udc49 <a href=\"https:\/\/purplessence.net\/?product_cat=arome-za-parna-kupatila\"><em data-start=\"2435\" data-end=\"2460\">Arome za parna kupatila<\/em><\/a><br data-start=\"2460\" data-end=\"2463\" \/>\ud83d\udc49 <a href=\"https:\/\/purplessence.net\/?product_cat=arome-za-djakuzije\"><em data-start=\"2466\" data-end=\"2510\">Arome za \u0111akuzi kade i hidromasa\u017ene bazene<\/em><\/a><\/p>\n<p>Vi\u0161e o aromaterapiji u saunama mo\u017eete pro\u010ditati na sajtu <a href=\"https:\/\/www.healthline.com\/\"><strong data-start=\"2713\" data-end=\"2727\">Healthline<\/strong><\/a>.<\/p>\n","protected":false},"excerpt":{"rendered":"<p>Kombinacija koja osve\u017eava i podsti\u010de cirkulaciju. Lavanda opu\u0161ta, dok sibirski bor doprinosi detoksikaciji tela i olak\u0161ava disanje, \u0161to ovu kombinaciju \u010dini odli\u010dnim izborom za ja\u010danje imunog sistema.<\/p>\n","protected":false},"featured_media":1064,"comment_status":"open","ping_status":"closed","template":"","meta":[],"product_brand":[],"product_cat":[127,33],"product_tag":[132,50,36,40,168,167,221,171,163,37,172,169,153,38,173,164,165,166,142,46,41,170],"class_list":{"0":"post-996","1":"product","2":"type-product","3":"status-publish","4":"has-post-thumbnail","6":"product_cat-koncentrovane-arome-za-saune","7":"product_cat-wellness-proizvodi-i-arome-sa-lavandom","8":"product_tag-aroma-za-saunu","9":"product_tag-aromaterapija","10":"product_tag-arome-za-saune","11":"product_tag-esencije-za-saune","12":"product_tag-horeca-program","13":"product_tag-horeca-sector","14":"product_tag-koncentrovane-arome-za-saune","15":"product_tag-kozmetika-za-saune","16":"product_tag-miris-za-saunu","17":"product_tag-mirisi-za-saune","18":"product_tag-nega-u-saunama","19":"product_tag-oprema-za-hotele","20":"product_tag-oprema-za-wellness-centre","21":"product_tag-prelivi-za-saune","22":"product_tag-preparati-za-negu-u-saunama","23":"product_tag-prodaja-aroma-za-saune","24":"product_tag-prodaja-aroma-za-spa-centre","25":"product_tag-prodaja-esencija-za-saune","26":"product_tag-prodaja-opreme-za-saune","27":"product_tag-sauna-arome","28":"product_tag-sauna-esencije","29":"product_tag-sauna-mirisi","31":"first","32":"instock","33":"purchasable","34":"product-type-simple"},"yoast_head":"<!-- This site is optimized with the Yoast SEO plugin v27.4 - https:\/\/yoast.com\/product\/yoast-seo-wordpress\/ -->\n<title>Miris za saunu Sibirski Bor \u2013 Lavanda 200ml - Purplessence - Essence of Nature<\/title>\n<meta name=\"description\" content=\"Miris za saunu Sibirski Bor \u2013 Lavanda. Kombinacija koja osve\u017eava i podsti\u010de cirkulaciju. Lavanda opu\u0161ta, dok sibirski bor doprinosi detoksikaciji tela.\" \/>\n<meta name=\"robots\" content=\"index, follow, max-snippet:-1, max-image-preview:large, max-video-preview:-1\" \/>\n<link rel=\"canonical\" href=\"https:\/\/purplessence.net\/?product=miris-za-saunu-sibirski-bor-lavanda\" \/>\n<meta property=\"og:locale\" content=\"sr_RS\" \/>\n<meta property=\"og:type\" content=\"article\" \/>\n<meta property=\"og:title\" content=\"Miris za saunu Sibirski Bor \u2013 Lavanda 200ml - Purplessence - Essence of Nature\" \/>\n<meta property=\"og:description\" content=\"Miris za saunu Sibirski Bor \u2013 Lavanda. Kombinacija koja osve\u017eava i podsti\u010de cirkulaciju. Lavanda opu\u0161ta, dok sibirski bor doprinosi detoksikaciji tela.\" \/>\n<meta property=\"og:url\" content=\"https:\/\/purplessence.net\/?product=miris-za-saunu-sibirski-bor-lavanda\" \/>\n<meta property=\"og:site_name\" content=\"Purplessence - Essence of Nature\" \/>\n<meta property=\"article:publisher\" content=\"https:\/\/www.facebook.com\/p\/Rasadnik-Lavande-Janoev-100085606671590\/\" \/>\n<meta property=\"article:modified_time\" content=\"2026-01-03T16:26:10+00:00\" \/>\n<meta property=\"og:image\" content=\"https:\/\/purplessence.net\/wp-content\/uploads\/2025\/03\/aroma-za-saunu-bor-420x750-1.png\" \/>\n\t<meta property=\"og:image:width\" content=\"424\" \/>\n\t<meta property=\"og:image:height\" content=\"560\" \/>\n\t<meta property=\"og:image:type\" content=\"image\/png\" \/>\n<meta name=\"twitter:card\" content=\"summary_large_image\" \/>\n<meta name=\"twitter:label1\" content=\"\u041f\u0440\u043e\u0446\u0435\u045a\u0435\u043d\u043e \u0432\u0440\u0435\u043c\u0435 \u0447\u0438\u0442\u0430\u045a\u0430\" \/>\n\t<meta name=\"twitter:data1\" content=\"2 \u043c\u0438\u043d\u0443\u0442\u0430\" \/>\n<script type=\"application\/ld+json\" class=\"yoast-schema-graph\">{\"@context\":\"https:\\\/\\\/schema.org\",\"@graph\":[{\"@type\":\"WebPage\",\"@id\":\"https:\\\/\\\/purplessence.net\\\/?product=miris-za-saunu-sibirski-bor-lavanda\",\"url\":\"https:\\\/\\\/purplessence.net\\\/?product=miris-za-saunu-sibirski-bor-lavanda\",\"name\":\"Miris za saunu Sibirski Bor \u2013 Lavanda 200ml - Purplessence - Essence of Nature\",\"isPartOf\":{\"@id\":\"https:\\\/\\\/purplessence.net\\\/#website\"},\"primaryImageOfPage\":{\"@id\":\"https:\\\/\\\/purplessence.net\\\/?product=miris-za-saunu-sibirski-bor-lavanda#primaryimage\"},\"image\":{\"@id\":\"https:\\\/\\\/purplessence.net\\\/?product=miris-za-saunu-sibirski-bor-lavanda#primaryimage\"},\"thumbnailUrl\":\"https:\\\/\\\/purplessence.net\\\/wp-content\\\/uploads\\\/2025\\\/03\\\/aroma-za-saunu-bor-420x750-1.png\",\"datePublished\":\"2025-03-03T17:31:42+00:00\",\"dateModified\":\"2026-01-03T16:26:10+00:00\",\"description\":\"Miris za saunu Sibirski Bor \u2013 Lavanda. Kombinacija koja osve\u017eava i podsti\u010de cirkulaciju. Lavanda opu\u0161ta, dok sibirski bor doprinosi detoksikaciji tela.\",\"breadcrumb\":{\"@id\":\"https:\\\/\\\/purplessence.net\\\/?product=miris-za-saunu-sibirski-bor-lavanda#breadcrumb\"},\"inLanguage\":\"sr-RS\",\"potentialAction\":[{\"@type\":\"ReadAction\",\"target\":[\"https:\\\/\\\/purplessence.net\\\/?product=miris-za-saunu-sibirski-bor-lavanda\"]}]},{\"@type\":\"ImageObject\",\"inLanguage\":\"sr-RS\",\"@id\":\"https:\\\/\\\/purplessence.net\\\/?product=miris-za-saunu-sibirski-bor-lavanda#primaryimage\",\"url\":\"https:\\\/\\\/purplessence.net\\\/wp-content\\\/uploads\\\/2025\\\/03\\\/aroma-za-saunu-bor-420x750-1.png\",\"contentUrl\":\"https:\\\/\\\/purplessence.net\\\/wp-content\\\/uploads\\\/2025\\\/03\\\/aroma-za-saunu-bor-420x750-1.png\",\"width\":424,\"height\":560,\"caption\":\"Koncentrovane prirodne arome za saune\"},{\"@type\":\"BreadcrumbList\",\"@id\":\"https:\\\/\\\/purplessence.net\\\/?product=miris-za-saunu-sibirski-bor-lavanda#breadcrumb\",\"itemListElement\":[{\"@type\":\"ListItem\",\"position\":1,\"name\":\"Home\",\"item\":\"https:\\\/\\\/purplessence.net\\\/\"},{\"@type\":\"ListItem\",\"position\":2,\"name\":\"Shop\",\"item\":\"https:\\\/\\\/purplessence.net\\\/?page_id=396\"},{\"@type\":\"ListItem\",\"position\":3,\"name\":\"Miris za saunu Sibirski Bor \u2013 Lavanda 200ml\"}]},{\"@type\":\"WebSite\",\"@id\":\"https:\\\/\\\/purplessence.net\\\/#website\",\"url\":\"https:\\\/\\\/purplessence.net\\\/\",\"name\":\"Purplessence.net\",\"description\":\"Natural Lavender Products - Essence of Nature\",\"publisher\":{\"@id\":\"https:\\\/\\\/purplessence.net\\\/#organization\"},\"alternateName\":\"Natural Lavender Products - Essence of Nature\",\"potentialAction\":[{\"@type\":\"SearchAction\",\"target\":{\"@type\":\"EntryPoint\",\"urlTemplate\":\"https:\\\/\\\/purplessence.net\\\/?s={search_term_string}\"},\"query-input\":{\"@type\":\"PropertyValueSpecification\",\"valueRequired\":true,\"valueName\":\"search_term_string\"}}],\"inLanguage\":\"sr-RS\"},{\"@type\":\"Organization\",\"@id\":\"https:\\\/\\\/purplessence.net\\\/#organization\",\"name\":\"PurplEssence Zrenjanin\",\"alternateName\":\"Essence of Nature\",\"url\":\"https:\\\/\\\/purplessence.net\\\/\",\"logo\":{\"@type\":\"ImageObject\",\"inLanguage\":\"sr-RS\",\"@id\":\"https:\\\/\\\/purplessence.net\\\/#\\\/schema\\\/logo\\\/image\\\/\",\"url\":\"https:\\\/\\\/purplessence.net\\\/wp-content\\\/uploads\\\/2025\\\/01\\\/cropped-cropped-logo-purplessence_lavanda.png\",\"contentUrl\":\"https:\\\/\\\/purplessence.net\\\/wp-content\\\/uploads\\\/2025\\\/01\\\/cropped-cropped-logo-purplessence_lavanda.png\",\"width\":512,\"height\":512,\"caption\":\"PurplEssence Zrenjanin\"},\"image\":{\"@id\":\"https:\\\/\\\/purplessence.net\\\/#\\\/schema\\\/logo\\\/image\\\/\"},\"sameAs\":[\"https:\\\/\\\/www.facebook.com\\\/p\\\/Rasadnik-Lavande-Janoev-100085606671590\\\/\"]}]}<\/script>\n<!-- \/ Yoast SEO plugin. -->","yoast_head_json":{"title":"Miris za saunu Sibirski Bor \u2013 Lavanda 200ml - Purplessence - Essence of Nature","description":"Miris za saunu Sibirski Bor \u2013 Lavanda. Kombinacija koja osve\u017eava i podsti\u010de cirkulaciju. Lavanda opu\u0161ta, dok sibirski bor doprinosi detoksikaciji tela.","robots":{"index":"index","follow":"follow","max-snippet":"max-snippet:-1","max-image-preview":"max-image-preview:large","max-video-preview":"max-video-preview:-1"},"canonical":"https:\/\/purplessence.net\/?product=miris-za-saunu-sibirski-bor-lavanda","og_locale":"sr_RS","og_type":"article","og_title":"Miris za saunu Sibirski Bor \u2013 Lavanda 200ml - Purplessence - Essence of Nature","og_description":"Miris za saunu Sibirski Bor \u2013 Lavanda. Kombinacija koja osve\u017eava i podsti\u010de cirkulaciju. Lavanda opu\u0161ta, dok sibirski bor doprinosi detoksikaciji tela.","og_url":"https:\/\/purplessence.net\/?product=miris-za-saunu-sibirski-bor-lavanda","og_site_name":"Purplessence - Essence of Nature","article_publisher":"https:\/\/www.facebook.com\/p\/Rasadnik-Lavande-Janoev-100085606671590\/","article_modified_time":"2026-01-03T16:26:10+00:00","og_image":[{"width":424,"height":560,"url":"https:\/\/purplessence.net\/wp-content\/uploads\/2025\/03\/aroma-za-saunu-bor-420x750-1.png","type":"image\/png"}],"twitter_card":"summary_large_image","twitter_misc":{"\u041f\u0440\u043e\u0446\u0435\u045a\u0435\u043d\u043e \u0432\u0440\u0435\u043c\u0435 \u0447\u0438\u0442\u0430\u045a\u0430":"2 \u043c\u0438\u043d\u0443\u0442\u0430"},"schema":{"@context":"https:\/\/schema.org","@graph":[{"@type":"WebPage","@id":"https:\/\/purplessence.net\/?product=miris-za-saunu-sibirski-bor-lavanda","url":"https:\/\/purplessence.net\/?product=miris-za-saunu-sibirski-bor-lavanda","name":"Miris za saunu Sibirski Bor \u2013 Lavanda 200ml - Purplessence - Essence of Nature","isPartOf":{"@id":"https:\/\/purplessence.net\/#website"},"primaryImageOfPage":{"@id":"https:\/\/purplessence.net\/?product=miris-za-saunu-sibirski-bor-lavanda#primaryimage"},"image":{"@id":"https:\/\/purplessence.net\/?product=miris-za-saunu-sibirski-bor-lavanda#primaryimage"},"thumbnailUrl":"https:\/\/purplessence.net\/wp-content\/uploads\/2025\/03\/aroma-za-saunu-bor-420x750-1.png","datePublished":"2025-03-03T17:31:42+00:00","dateModified":"2026-01-03T16:26:10+00:00","description":"Miris za saunu Sibirski Bor \u2013 Lavanda. Kombinacija koja osve\u017eava i podsti\u010de cirkulaciju. Lavanda opu\u0161ta, dok sibirski bor doprinosi detoksikaciji tela.","breadcrumb":{"@id":"https:\/\/purplessence.net\/?product=miris-za-saunu-sibirski-bor-lavanda#breadcrumb"},"inLanguage":"sr-RS","potentialAction":[{"@type":"ReadAction","target":["https:\/\/purplessence.net\/?product=miris-za-saunu-sibirski-bor-lavanda"]}]},{"@type":"ImageObject","inLanguage":"sr-RS","@id":"https:\/\/purplessence.net\/?product=miris-za-saunu-sibirski-bor-lavanda#primaryimage","url":"https:\/\/purplessence.net\/wp-content\/uploads\/2025\/03\/aroma-za-saunu-bor-420x750-1.png","contentUrl":"https:\/\/purplessence.net\/wp-content\/uploads\/2025\/03\/aroma-za-saunu-bor-420x750-1.png","width":424,"height":560,"caption":"Koncentrovane prirodne arome za saune"},{"@type":"BreadcrumbList","@id":"https:\/\/purplessence.net\/?product=miris-za-saunu-sibirski-bor-lavanda#breadcrumb","itemListElement":[{"@type":"ListItem","position":1,"name":"Home","item":"https:\/\/purplessence.net\/"},{"@type":"ListItem","position":2,"name":"Shop","item":"https:\/\/purplessence.net\/?page_id=396"},{"@type":"ListItem","position":3,"name":"Miris za saunu Sibirski Bor \u2013 Lavanda 200ml"}]},{"@type":"WebSite","@id":"https:\/\/purplessence.net\/#website","url":"https:\/\/purplessence.net\/","name":"Purplessence.net","description":"Natural Lavender Products - Essence of Nature","publisher":{"@id":"https:\/\/purplessence.net\/#organization"},"alternateName":"Natural Lavender Products - Essence of Nature","potentialAction":[{"@type":"SearchAction","target":{"@type":"EntryPoint","urlTemplate":"https:\/\/purplessence.net\/?s={search_term_string}"},"query-input":{"@type":"PropertyValueSpecification","valueRequired":true,"valueName":"search_term_string"}}],"inLanguage":"sr-RS"},{"@type":"Organization","@id":"https:\/\/purplessence.net\/#organization","name":"PurplEssence Zrenjanin","alternateName":"Essence of Nature","url":"https:\/\/purplessence.net\/","logo":{"@type":"ImageObject","inLanguage":"sr-RS","@id":"https:\/\/purplessence.net\/#\/schema\/logo\/image\/","url":"https:\/\/purplessence.net\/wp-content\/uploads\/2025\/01\/cropped-cropped-logo-purplessence_lavanda.png","contentUrl":"https:\/\/purplessence.net\/wp-content\/uploads\/2025\/01\/cropped-cropped-logo-purplessence_lavanda.png","width":512,"height":512,"caption":"PurplEssence Zrenjanin"},"image":{"@id":"https:\/\/purplessence.net\/#\/schema\/logo\/image\/"},"sameAs":["https:\/\/www.facebook.com\/p\/Rasadnik-Lavande-Janoev-100085606671590\/"]}]}},"jetpack_sharing_enabled":true,"_links":{"self":[{"href":"https:\/\/purplessence.net\/index.php?rest_route=\/wp\/v2\/product\/996","targetHints":{"allow":["GET"]}}],"collection":[{"href":"https:\/\/purplessence.net\/index.php?rest_route=\/wp\/v2\/product"}],"about":[{"href":"https:\/\/purplessence.net\/index.php?rest_route=\/wp\/v2\/types\/product"}],"replies":[{"embeddable":true,"href":"https:\/\/purplessence.net\/index.php?rest_route=%2Fwp%2Fv2%2Fcomments&post=996"}],"wp:featuredmedia":[{"embeddable":true,"href":"https:\/\/purplessence.net\/index.php?rest_route=\/wp\/v2\/media\/1064"}],"wp:attachment":[{"href":"https:\/\/purplessence.net\/index.php?rest_route=%2Fwp%2Fv2%2Fmedia&parent=996"}],"wp:term":[{"taxonomy":"product_brand","embeddable":true,"href":"https:\/\/purplessence.net\/index.php?rest_route=%2Fwp%2Fv2%2Fproduct_brand&post=996"},{"taxonomy":"product_cat","embeddable":true,"href":"https:\/\/purplessence.net\/index.php?rest_route=%2Fwp%2Fv2%2Fproduct_cat&post=996"},{"taxonomy":"product_tag","embeddable":true,"href":"https:\/\/purplessence.net\/index.php?rest_route=%2Fwp%2Fv2%2Fproduct_tag&post=996"}],"curies":[{"name":"wp","href":"https:\/\/api.w.org\/{rel}","templated":true}]}}